{"id":178,"date":"2024-02-15T11:03:43","date_gmt":"2024-02-15T14:03:43","guid":{"rendered":"https:\/\/piermaua.rio\/?page_id=178"},"modified":"2025-11-14T18:11:31","modified_gmt":"2025-11-14T21:11:31","slug":"quem-somos","status":"publish","type":"page","link":"https:\/\/piermaua.rio\/en\/quem-somos\/","title":{"rendered":"About Us"},"content":{"rendered":"<div data-elementor-type=\"wp-page\" data-elementor-id=\"178\" class=\"elementor elementor-178\" data-elementor-post-type=\"page\">\n\t\t\t\t\t\t<section class=\"elementor-section elementor-top-section elementor-element elementor-element-d8b65f1 elementor-section-content-middle elementor-section-boxed elementor-section-height-default elementor-section-height-default\" data-id=\"d8b65f1\" data-element_type=\"section\" data-e-type=\"section\" data-settings=\"{&quot;background_background&quot;:&quot;classic&quot;}\">\n\t\t\t\t\t\t\t<div class=\"elementor-background-overlay\"><\/div>\n\t\t\t\t\t\t\t<div class=\"elementor-container elementor-column-gap-wider\">\n\t\t\t\t\t<div class=\"elementor-column elementor-col-50 elementor-top-column elementor-element elementor-element-51e3212\" data-id=\"51e3212\" data-element_type=\"column\" data-e-type=\"column\">\n\t\t\t<div class=\"elementor-widget-wrap elementor-element-populated\">\n\t\t\t\t\t\t<div class=\"elementor-element elementor-element-41177cd elementor-widget elementor-widget-heading\" data-id=\"41177cd\" data-element_type=\"widget\" data-e-type=\"widget\" data-widget_type=\"heading.default\">\n\t\t\t\t<div class=\"elementor-widget-container\">\n\t\t\t\t\t<span class=\"elementor-heading-title elementor-size-default\">Rio started here<\/span>\t\t\t\t<\/div>\n\t\t\t\t<\/div>\n\t\t\t\t<div class=\"elementor-element elementor-element-8f96296 elementor-widget elementor-widget-heading\" data-id=\"8f96296\" data-element_type=\"widget\" data-e-type=\"widget\" data-widget_type=\"heading.default\">\n\t\t\t\t<div class=\"elementor-widget-container\">\n\t\t\t\t\t<h2 class=\"elementor-heading-title elementor-size-default\">\nCome visit us and see where it all began<\/h2>\t\t\t\t<\/div>\n\t\t\t\t<\/div>\n\t\t\t\t<div class=\"elementor-element elementor-element-4dd1d8f elementor-widget elementor-widget-text-editor\" data-id=\"4dd1d8f\" data-element_type=\"widget\" data-e-type=\"widget\" data-widget_type=\"text-editor.default\">\n\t\t\t\t<div class=\"elementor-widget-container\">\n\t\t\t\t\t\t\t\t\t<p style=\"font-weight: 400;\">Localizado no cora\u00e7\u00e3o do Porto Maravilha, o Pier Mau\u00e1 abrange uma \u00e1rea de 50 mil m2. A concession\u00e1ria \u00e9 respons\u00e1vel pela gest\u00e3o do Terminal Internacional de Cruzeiros do Rio de Janeiro, Pr\u00e9dio do Touring, Espa\u00e7o Mau\u00e1, al\u00e9m de 5 armaz\u00e9ns constru\u00eddos no s\u00e9culo XIX, com 3.500 m2 cada e um espa\u00e7o externo de 8.500 m2.<\/p><p style=\"font-weight: 400;\">Pela administra\u00e7\u00e3o do Terminal Internacional de Cruzeiros do Rio, o Pier Mau\u00e1 \u00e9 vencedor sete vezes do Pr\u00eamio World Travel Award, na categoria \u201cMelhor Porto de Cruzeiros da Am\u00e9rica do Sul\u201d, concedido pela prestigiosa publica\u00e7\u00e3o Travel Week (2009, 2010, 2011, 2012, 2014, 2015, 2016). Em 2022 e 2024 foi eleito Melhor Terminal de Cruzeiros da Am\u00e9rica Latina pelo World Cruise Awards (evento irm\u00e3o do World Travel Awards). Tamb\u00e9m foi eleito como Melhor Porto de Embarque da Temporada Brasileira pelo Krooze Awards em 2024 e 2025, e Melhor Escala da Temporada tamb\u00e9m no Krooze Awards 2025.<\/p><p style=\"font-weight: 400;\">Sede de importantes acontecimentos como o Rio +20, ArtRIO, Veste Rio, Rio Gastronomia, Casa Brasil na Ol\u00edmpiada 2016, Mondial de La Bi\u00e8re, Rio Innovation Week, RoG, entre outros, o local j\u00e1 se consolidou como um dos mais conceituados espa\u00e7os para realiza\u00e7\u00e3o de grandes eventos na Cidade Maravilhosa ao longo dos \u00faltimos 20 anos.<\/p>\t\t\t\t\t\t\t\t<\/div>\n\t\t\t\t<\/div>\n\t\t\t\t<div class=\"elementor-element elementor-element-012dc3a elementor-mobile-align-center elementor-widget elementor-widget-button\" data-id=\"012dc3a\" data-element_type=\"widget\" data-e-type=\"widget\" data-widget_type=\"button.default\">\n\t\t\t\t<div class=\"elementor-widget-container\">\n\t\t\t\t\t\t\t\t\t<div class=\"elementor-button-wrapper\">\n\t\t\t\t\t<a class=\"elementor-button elementor-button-link elementor-size-sm\" href=\"https:\/\/piermaua.rio\/en\/historia\/\">\n\t\t\t\t\t\t<span class=\"elementor-button-content-wrapper\">\n\t\t\t\t\t\t\t\t\t<span class=\"elementor-button-text\">DISCOVER OUR HISTORY<\/span>\n\t\t\t\t\t<\/span>\n\t\t\t\t\t<\/a>\n\t\t\t\t<\/div>\n\t\t\t\t\t\t\t\t<\/div>\n\t\t\t\t<\/div>\n\t\t\t\t\t<\/div>\n\t\t<\/div>\n\t\t\t\t<div class=\"elementor-column elementor-col-50 elementor-top-column elementor-element elementor-element-5994dc0\" data-id=\"5994dc0\" data-element_type=\"column\" data-e-type=\"column\">\n\t\t\t<div class=\"elementor-widget-wrap elementor-element-populated\">\n\t\t\t\t\t\t<div class=\"elementor-element elementor-element-a0ea63f elementor-widget elementor-widget-image\" data-id=\"a0ea63f\" data-element_type=\"widget\" data-e-type=\"widget\" data-widget_type=\"image.default\">\n\t\t\t\t<div class=\"elementor-widget-container\">\n\t\t\t\t\t\t\t\t\t\t\t\t\t\t\t<img fetchpriority=\"high\" decoding=\"async\" width=\"990\" height=\"654\" src=\"https:\/\/piermaua.rio\/wp-content\/uploads\/2024\/04\/PierMaua_Drone-5.jpeg\" class=\"attachment-full size-full wp-image-5037\" alt=\"\" srcset=\"https:\/\/piermaua.rio\/wp-content\/uploads\/2024\/04\/PierMaua_Drone-5.jpeg 990w, https:\/\/piermaua.rio\/wp-content\/uploads\/2024\/04\/PierMaua_Drone-5-300x198.jpeg 300w, https:\/\/piermaua.rio\/wp-content\/uploads\/2024\/04\/PierMaua_Drone-5-150x99.jpeg 150w, https:\/\/piermaua.rio\/wp-content\/uploads\/2024\/04\/PierMaua_Drone-5-768x507.jpeg 768w\" sizes=\"(max-width: 990px) 100vw, 990px\" \/>\t\t\t\t\t\t\t\t\t\t\t\t\t\t\t<\/div>\n\t\t\t\t<\/div>\n\t\t\t\t\t<\/div>\n\t\t<\/div>\n\t\t\t\t\t<\/div>\n\t\t<\/section>\n\t\t\t\t<section class=\"elementor-section elementor-top-section elementor-element elementor-element-699981b elementor-section-boxed elementor-section-height-default elementor-section-height-default\" data-id=\"699981b\" data-element_type=\"section\" data-e-type=\"section\">\n\t\t\t\t\t\t<div class=\"elementor-container elementor-column-gap-default\">\n\t\t\t\t\t<div class=\"elementor-column elementor-col-100 elementor-top-column elementor-element elementor-element-5a589f0\" data-id=\"5a589f0\" data-element_type=\"column\" data-e-type=\"column\">\n\t\t\t<div class=\"elementor-widget-wrap elementor-element-populated\">\n\t\t\t\t\t\t<div class=\"elementor-element elementor-element-89e964b elementor-widget elementor-widget-text-editor\" data-id=\"89e964b\" data-element_type=\"widget\" data-e-type=\"widget\" data-widget_type=\"text-editor.default\">\n\t\t\t\t<div class=\"elementor-widget-container\">\n\t\t\t\t\t\t\t\t\t<p>With the entire revitalization process, the port region of Rio has regained its shine and importance, becoming fertile ground for the emergence of new ventures. The first company to see this potential was Google, which chose Pier Mau\u00e1 to host the largest You Tube Space in Brazil, located in Armaz\u00e9m 1.<\/p><p>There is so much going on and suddenly we thought, why not look for more partners with this profile? Why not open more doors to new ideas? Why not also revitalize our operation and expand our horizons and fill with LIFE this region that was hidden for so long and after the Rio 2016 Olympics resurfaced as a gift for Rio residents and tourists? Why not explore new possibilities and allow a new Pier Mau\u00e1 to be born?<\/p><p>Conhe\u00e7a nossa Hist\u00f3ria!<\/p>\t\t\t\t\t\t\t\t<\/div>\n\t\t\t\t<\/div>\n\t\t\t\t<div class=\"elementor-element elementor-element-7b6c06d elementor-widget elementor-widget-html\" data-id=\"7b6c06d\" data-element_type=\"widget\" data-e-type=\"widget\" data-widget_type=\"html.default\">\n\t\t\t\t<div class=\"elementor-widget-container\">\n\t\t\t\t\t<iframe src=\"https:\/\/www.google.com\/maps\/embed?pb=!1m14!1m8!1m3!1d14701.922925755596!2d-43.1818004!3d-22.8956329!3m2!1i1024!2i768!4f13.1!3m3!1m2!1s0x997f395b7b3371%3A0xf88af2b948ed817e!2sPier%20Mau%C3%A1!5e0!3m2!1spt-BR!2sbr!4v1709899352925!5m2!1spt-BR!2sbr\" width=\"100%\" height=\"450\" style=\"border:0;\" allowfullscreen=\"\" loading=\"lazy\" referrerpolicy=\"no-referrer-when-downgrade\"><\/iframe>\t\t\t\t<\/div>\n\t\t\t\t<\/div>\n\t\t\t\t\t<\/div>\n\t\t<\/div>\n\t\t\t\t\t<\/div>\n\t\t<\/section>\n\t\t\t\t<\/div>","protected":false},"excerpt":{"rendered":"<p>O Rio come\u00e7ou aqui Venha nos visitar e conhecer onde tudo come\u00e7ou Localizado no cora\u00e7\u00e3o do Porto Maravilha, o Pier Mau\u00e1 abrange uma \u00e1rea de 50 mil m2. A concession\u00e1ria [&hellip;]<\/p>\n","protected":false},"author":1,"featured_media":171,"parent":0,"menu_order":0,"comment_status":"closed","ping_status":"closed","template":"","meta":{"_acf_changed":false,"footnotes":""},"class_list":["post-178","page","type-page","status-publish","has-post-thumbnail","hentry"],"acf":[],"_links":{"self":[{"href":"https:\/\/piermaua.rio\/en\/wp-json\/wp\/v2\/pages\/178","targetHints":{"allow":["GET"]}}],"collection":[{"href":"https:\/\/piermaua.rio\/en\/wp-json\/wp\/v2\/pages"}],"about":[{"href":"https:\/\/piermaua.rio\/en\/wp-json\/wp\/v2\/types\/page"}],"author":[{"embeddable":true,"href":"https:\/\/piermaua.rio\/en\/wp-json\/wp\/v2\/users\/1"}],"replies":[{"embeddable":true,"href":"https:\/\/piermaua.rio\/en\/wp-json\/wp\/v2\/comments?post=178"}],"version-history":[{"count":15,"href":"https:\/\/piermaua.rio\/en\/wp-json\/wp\/v2\/pages\/178\/revisions"}],"predecessor-version":[{"id":29411,"href":"https:\/\/piermaua.rio\/en\/wp-json\/wp\/v2\/pages\/178\/revisions\/29411"}],"wp:featuredmedia":[{"embeddable":true,"href":"https:\/\/piermaua.rio\/en\/wp-json\/wp\/v2\/media\/171"}],"wp:attachment":[{"href":"https:\/\/piermaua.rio\/en\/wp-json\/wp\/v2\/media?parent=178"}],"curies":[{"name":"wp","href":"https:\/\/api.w.org\/{rel}","templated":true}]}}