{"id":26175,"date":"2024-05-07T09:51:56","date_gmt":"2024-05-07T12:51:56","guid":{"rendered":"https:\/\/piermaua.rio\/?page_id=26175"},"modified":"2024-05-07T09:53:51","modified_gmt":"2024-05-07T12:53:51","slug":"politica-de-privacidade","status":"publish","type":"page","link":"https:\/\/piermaua.rio\/en\/politica-de-privacidade\/","title":{"rendered":"Privacy Policy"},"content":{"rendered":"<div data-elementor-type=\"wp-page\" data-elementor-id=\"26175\" class=\"elementor elementor-26175\" data-elementor-post-type=\"page\">\n\t\t\t\t\t\t<section class=\"elementor-section elementor-top-section elementor-element elementor-element-699981b elementor-section-boxed elementor-section-height-default elementor-section-height-default\" data-id=\"699981b\" data-element_type=\"section\" data-e-type=\"section\">\n\t\t\t\t\t\t<div class=\"elementor-container elementor-column-gap-default\">\n\t\t\t\t\t<div class=\"elementor-column elementor-col-100 elementor-top-column elementor-element elementor-element-5a589f0\" data-id=\"5a589f0\" data-element_type=\"column\" data-e-type=\"column\">\n\t\t\t<div class=\"elementor-widget-wrap elementor-element-populated\">\n\t\t\t\t\t\t<div class=\"elementor-element elementor-element-89e964b elementor-widget elementor-widget-text-editor\" data-id=\"89e964b\" data-element_type=\"widget\" data-e-type=\"widget\" data-widget_type=\"text-editor.default\">\n\t\t\t\t<div class=\"elementor-widget-container\">\n\t\t\t\t\t\t\t\t\t<p><b>PRIVACY POLICY\u00a0<\/b><\/p><p><span style=\"font-weight: 400;\">The purpose of PIER MAU\u00c1's Privacy Policy is to demonstrate the organization's commitment to the privacy and security of personal data.<\/span><\/p><p><span style=\"font-weight: 400;\">It informs how personal data will be processed and disposed of, as well as ensuring that information is not provided or shared improperly, in compliance with current legislation and the General Personal Data Protection Law - LGPD (Law No. 13,709\/2018).<\/span><\/p><p><b>This website is operated by Simples.net - Marketing Digital, which undertakes to comply with the provisions of the LGPD.<\/b><\/p><p><span style=\"font-weight: 400;\">In addition to this website, PIER MAU\u00c1 may collect personal data from employees, clients, contractors, visitors and partners through other corporate social networks, as well as direct contact with our team, exclusively through corporate e-mail.<\/span><\/p><p><span style=\"font-weight: 400;\">By accessing the PIER MAU\u00c1 website and providing their personal data, users are aware of the provisions of this Privacy Policy, as well as their rights as holders of personal data.<\/span><\/p><p><span style=\"font-weight: 400;\">The Privacy Policy relating to P\u00cdER MAU\u00c1 employees is dealt with in the company's internal rules.\u00a0<\/span><\/p><p><b>No COOKIES are used to access the PIER MAU\u00c1 website.<\/b><\/p><p><b>\u00a0<\/b><\/p><p><b>1.DEFINITIONS<\/b><\/p><p><b>Treatment agents<\/b><span style=\"font-weight: 400;\">The main characters in the LGPD are the controller and the operator. The controller is the natural or legal person, in the public or private sector, who has decision-making power over the processing of personal data. The operator, on the other hand, is the natural or legal person, in the public or private sector, who processes personal data on behalf of the controller, i.e. according to its instructions.<\/span><\/p><p><b>Data subject<\/b><span style=\"font-weight: 400;\">natural person to whom the personal data being processed refers.<\/span><\/p><p><b>Personal data<\/b><span style=\"font-weight: 400;\">Any information in which a natural person can be directly identified indirectly, such as name, identification number, locational data, electronic identifier, one or more factors linked to the physical, psychological, genetic, mental, economic, cultural or social identity of the natural person.<\/span><\/p><p><b>Sensitive data<\/b><span style=\"font-weight: 400;\">Personal data is information that reveals racial or ethnic origin, religious or philosophical beliefs, political opinions, trade union membership, genetic issues, biometrics and information about a person's health or sex life. This type of personal data requires special attention, as it is information that could lead to discrimination against the data subject. Sensitive personal data will only be processed in the cases provided for in the LGPD.<\/span><\/p><p><b>Data on children and adolescents<\/b><span style=\"font-weight: 400;\">The use of children's and adolescents' data also requires additional care; it will only be processed in accordance with the LGPD and when strictly necessary. According to the Child and Adolescent Statute, a child is an individual up to the age of 12, and an adolescent is an individual between the ages of 12 and 18.<\/span><\/p><p><b>Data processing<\/b><span style=\"font-weight: 400;\">any operation or set of operations which is performed on personal data or on sets of personal data, whether or not by automated means, such as cataloguing, recording, organizing, structuring, storing, adapting or altering, collecting, consulting, using, disclosing by transmission, disseminating or in any form making available, aligning, combining, restricting, erasing or destroying.<\/span><\/p><p><b>Legal basis (data processing hypothesis)<\/b><span style=\"font-weight: 400;\">is the justification, based on the LGPD, for the controller processing the data subjects' data. The legislation prohibits the collection and processing of data for which there is no legal provision in the LGPD.<\/span><\/p><p>\u00a0<\/p><ol start=\"2\"><li><b> HOW PERSONAL DATA IS PROCESSED:<\/b><\/li><\/ol><p><b>Pier Mau\u00e1 website - EVENTS and ANNOUNCEMENTS<\/b><\/p><p><span style=\"font-weight: 400;\">The data subjects are clients interested in quotes and hiring a venue for events, or their representatives.<\/span><\/p><p><span style=\"font-weight: 400;\">The personal data collected is: full name and e-mail address.<\/span><\/p><p><span style=\"font-weight: 400;\">This data will be collected for commercial purposes, and will be kept on the basis of the hypothesis of EXECUTION OF CONTRACT (contracts in progress) and REGULAR EXERCISE OF RIGHT (after provision of the service by PIER MAU\u00c1).<\/span><\/p><p>\u00a0<\/p><p><b>Pier Mau\u00e1 website - CONTACTS\u00a0<\/b><\/p><p><span style=\"font-weight: 400;\">The site also collects data from users interested in offering services, products or sending CVs.<\/span><\/p><p><span style=\"font-weight: 400;\">The personal data collected is: full name, ID, e-mail address.\u00a0<\/span><\/p><p><span style=\"font-weight: 400;\">The purpose of this collection is to keep a register of partners, possible candidates or clients interested in various requests.\u00a0\u00a0<\/span><\/p><p><span style=\"font-weight: 400;\">All the information collected is forwarded to the responsible sectors and processed in accordance with the legal basis applicable to each situation.<\/span><\/p><p>\u00a0<\/p><p><b>Hiring service providers\u00a0<\/b><\/p><p><span style=\"font-weight: 400;\">\u00a0The data subjects are representatives and partners of the companies providing the service, as well as PIER MAU\u00c1 managers.<\/span><\/p><p><span style=\"font-weight: 400;\">The purpose of data collection and processing is in accordance with the stages:<\/span><\/p><ul><li style=\"font-weight: 400;\" aria-level=\"1\"><span style=\"font-weight: 400;\">when formalizing the contract for the provision of services and the rental of spaces for events or fixed events. The personal data collected is: full name, CPF, e-mail, ID, address, marital status of the representatives of the contractor and the contracting party (PIER MAU\u00c1's board of directors and\/or managers).\u00a0<\/span><\/li><li style=\"font-weight: 400;\" aria-level=\"1\"><span style=\"font-weight: 400;\">When granting access to port areas, the personal data collected is: full name, CPF, ID, photo and video images. The purpose of data collection is to ensure the safety of the site and those involved, as well as compliance with the legislation of the port authorities and the Federal Police.<\/span><\/li><li style=\"font-weight: 400;\" aria-level=\"1\"><span style=\"font-weight: 400;\">in the fulfillment and termination of the contract, in particular quality, safety and occupational health requirements. Personal data includes: full name, CPF, ID, photo and video images, occupational exams, proof of qualifications and training.<\/span><\/li><\/ul><p><span style=\"font-weight: 400;\">When hiring service providers, the LEGAL BASIS is the EXECUTION OF THE CONTRACT (contracts in progress), REGULAR EXERCISE OF THE RIGHT (after the contract has ended), and also the FULFILLMENT OF LEGAL OBLIGATION, in relation to possible demands from third parties (labor, social security and tax legislation).<\/span><\/p><p>\u00a0<\/p><p><b>Certification audits<\/b><\/p><p><span style=\"font-weight: 400;\">The data subjects are the auditors, the managers of PIER MAU\u00c1, and other auditees, whose personal data are: full name, e-mail address, position\/function.<\/span><\/p><p><span style=\"font-weight: 400;\">The purpose of the audits is to demonstrate compliance with occupational health and safety processes and requirements, in compliance with port technical and legal standards.<\/span><\/p><p><span style=\"font-weight: 400;\">Personal details are: full name, e-mail address, job title.<\/span><\/p><p><span style=\"font-weight: 400;\">When carrying out audits for certification, the LEGAL BASIS is FULFILLMENT OF LEGAL OBLIGATION.<\/span><\/p><p><br \/><br \/><\/p><p><b>DATA SUBJECTS' RIGHTS<\/b><\/p><p><span style=\"font-weight: 400;\">In accordance with the LGPG, every PERSONAL DATA SUBJECT has the following rights in relation to the database under the responsibility of PIER MAU\u00c1:<\/span><\/p><ul><li style=\"font-weight: 400;\" aria-level=\"1\"><span style=\"font-weight: 400;\">confirm the existence of data processing in a clear and objective manner;<\/span><\/li><li style=\"font-weight: 400;\" aria-level=\"1\"><span style=\"font-weight: 400;\">access their data, and may request a copy in physical or digital form, at no cost to the holder;<\/span><\/li><li style=\"font-weight: 400;\" aria-level=\"1\"><span style=\"font-weight: 400;\">request that your data be corrected or updated;<\/span><\/li><li style=\"font-weight: 400;\" aria-level=\"1\"><span style=\"font-weight: 400;\">request the anonymization or deletion (DISPOSAL) of their data, when the legal basis is CONSENT or LEGITIMATE INTEREST. Depending on the analysis, the data subject may also request deletion from the database;\u00a0<\/span><\/li><\/ul><p>\u00a0<\/p><p><b>SHARING PERSONAL DATA:<\/b><\/p><p><span style=\"font-weight: 400;\">PIER MAU\u00c1 shares personal data externally only in the following situations:<\/span><\/p><ul><li style=\"font-weight: 400;\" aria-level=\"1\"><span style=\"font-weight: 400;\">Clearance of access to port areas: data shared with the Federal Police, CDRJ and the company operating the electronic access system;<\/span><\/li><li style=\"font-weight: 400;\" aria-level=\"1\"><span style=\"font-weight: 400;\">Maintenance of own IT and computer resources: data shared with specialized technology contractors and telephone operators.<\/span><\/li><li style=\"font-weight: 400;\" aria-level=\"1\"><span style=\"font-weight: 400;\">Occupational health and e-social management: data shared with a digital technology company specializing in occupational safety, health and e-social management.\u00a0<\/span><\/li><li style=\"font-weight: 400;\" aria-level=\"1\"><span style=\"font-weight: 400;\">Audits of quality and environmental management standards: data shared with environmental agencies (INEA, IBAMA), public administration and inspection bodies (ANTAQ, ANVISA, CDRJ), specialized consultants and certification bodies.<\/span><\/li><\/ul><p>\u00a0<\/p><p><b>STORAGE AND PROTECTION OF PERSONAL DATA<\/b><\/p><p><span style=\"font-weight: 400;\">The information entered by users on the P\u00eder Mau\u00e1 website is stored on servers (electronic data), using best cybersecurity practices. Just like the other data collected electronically in the company's other internal processes. If data is collected physically, it will be kept in cabinets with access limited to the sector and function responsible.<\/span><\/p><p><span style=\"font-weight: 400;\">In the case of external sharing, the contracted companies (operators) must follow this Privacy Policy, in addition to maintaining the appropriate administrative and technological security actions aimed at information security and the privacy of the data subjects' personal data.<\/span><\/p><p><span style=\"font-weight: 400;\">Some data may be kept for longer than required by law, for internal Pier Mau\u00e1 reasons. And they may be deleted at the request of the data subject.<\/span><\/p><p>\u00a0<\/p><p><b>DELETION OF INFORMATION<\/b><\/p><p><span style=\"font-weight: 400;\">Personal data will be discarded in the following situations:<\/span><\/p><ul><li style=\"font-weight: 400;\" aria-level=\"1\"><span style=\"font-weight: 400;\">termination of the purpose for processing the data;<\/span><\/li><li style=\"font-weight: 400;\" aria-level=\"1\"><span style=\"font-weight: 400;\">expiry of the statute of limitations for the document or claim, when the LEGAL BASIS is FULFILLMENT OF A LEGAL OBLIGATION.<\/span><\/li><li style=\"font-weight: 400;\" aria-level=\"1\"><span style=\"font-weight: 400;\">at the request of the data subject, when the LEGAL BASIS is consent or LEGITIMATE INTEREST.<\/span><\/li><li style=\"font-weight: 400;\" aria-level=\"1\"><span style=\"font-weight: 400;\">at the request of the ANPD, in accordance with the LGPD.\u00a0\u00a0<\/span><\/li><\/ul><p>\u00a0<\/p><p><b>UPDATING THE POLICY<\/b><\/p><p><span style=\"font-weight: 400;\">This version of the Privacy Policy was updated and published on 17\/08\/2022, and may be modified whenever PIER MAU\u00c1 deems it necessary.\u00a0<\/span><\/p><p><span style=\"font-weight: 400;\">Whenever changes are made, they will be published to inform the owners.\u00a0<\/span><\/p><p>\u00a0<\/p><p><b>HOW TO CONTACT US<\/b><\/p><p><span style=\"font-weight: 400;\">Should the DATA SUBJECT wish to request access, correction, updating or deletion (where appropriate) of the data collected, he\/she may contact PIER MAU\u00c1's Data Controller, stating the conditions under which the data was collected and its identification.\u00a0<\/span><\/p><p><span style=\"font-weight: 400;\">Data Controller: <\/span><a href=\"mailto:privacidade@piermaua.rio\"><span style=\"font-weight: 400;\">privacidade@piermaua.rio<\/span><\/a><\/p>\t\t\t\t\t\t\t\t<\/div>\n\t\t\t\t<\/div>\n\t\t\t\t\t<\/div>\n\t\t<\/div>\n\t\t\t\t\t<\/div>\n\t\t<\/section>\n\t\t\t\t<\/div>","protected":false},"excerpt":{"rendered":"<p>POL\u00cdTICA DE PRIVACIDADE\u00a0 A Pol\u00edtica de Privacidade do PIER MAU\u00c1 tem por objetivo demonstrar o comprometimento da organiza\u00e7\u00e3o com a privacidade e seguran\u00e7a de dados pessoais. Ela informa como os [&hellip;]<\/p>\n","protected":false},"author":1,"featured_media":171,"parent":0,"menu_order":0,"comment_status":"closed","ping_status":"closed","template":"","meta":{"_acf_changed":false,"footnotes":""},"class_list":["post-26175","page","type-page","status-publish","has-post-thumbnail","hentry"],"acf":[],"_links":{"self":[{"href":"https:\/\/piermaua.rio\/en\/wp-json\/wp\/v2\/pages\/26175","targetHints":{"allow":["GET"]}}],"collection":[{"href":"https:\/\/piermaua.rio\/en\/wp-json\/wp\/v2\/pages"}],"about":[{"href":"https:\/\/piermaua.rio\/en\/wp-json\/wp\/v2\/types\/page"}],"author":[{"embeddable":true,"href":"https:\/\/piermaua.rio\/en\/wp-json\/wp\/v2\/users\/1"}],"replies":[{"embeddable":true,"href":"https:\/\/piermaua.rio\/en\/wp-json\/wp\/v2\/comments?post=26175"}],"version-history":[{"count":0,"href":"https:\/\/piermaua.rio\/en\/wp-json\/wp\/v2\/pages\/26175\/revisions"}],"wp:featuredmedia":[{"embeddable":true,"href":"https:\/\/piermaua.rio\/en\/wp-json\/wp\/v2\/media\/171"}],"wp:attachment":[{"href":"https:\/\/piermaua.rio\/en\/wp-json\/wp\/v2\/media?parent=26175"}],"curies":[{"name":"wp","href":"https:\/\/api.w.org\/{rel}","templated":true}]}}