{"id":541,"date":"2024-03-19T09:26:31","date_gmt":"2024-03-19T12:26:31","guid":{"rendered":"https:\/\/piermaua.rio\/?page_id=541"},"modified":"2025-10-06T20:55:52","modified_gmt":"2025-10-06T23:55:52","slug":"documentacao","status":"publish","type":"page","link":"https:\/\/piermaua.rio\/en\/documentacao\/","title":{"rendered":"Documentation"},"content":{"rendered":"<div data-elementor-type=\"wp-page\" data-elementor-id=\"541\" class=\"elementor elementor-541\" data-elementor-post-type=\"page\">\n\t\t\t\t\t\t<section class=\"elementor-section elementor-top-section elementor-element elementor-element-d8b65f1 elementor-section-content-middle elementor-section-boxed elementor-section-height-default elementor-section-height-default\" data-id=\"d8b65f1\" data-element_type=\"section\" data-e-type=\"section\" data-settings=\"{&quot;background_background&quot;:&quot;classic&quot;}\">\n\t\t\t\t\t\t\t<div class=\"elementor-background-overlay\"><\/div>\n\t\t\t\t\t\t\t<div class=\"elementor-container elementor-column-gap-wider\">\n\t\t\t\t\t<div class=\"elementor-column elementor-col-100 elementor-top-column elementor-element elementor-element-51e3212\" data-id=\"51e3212\" data-element_type=\"column\" data-e-type=\"column\">\n\t\t\t<div class=\"elementor-widget-wrap elementor-element-populated\">\n\t\t\t\t\t\t<div class=\"elementor-element elementor-element-78f0578 elementor-widget elementor-widget-heading\" data-id=\"78f0578\" data-element_type=\"widget\" data-e-type=\"widget\" data-widget_type=\"heading.default\">\n\t\t\t\t<div class=\"elementor-widget-container\">\n\t\t\t\t\t<span class=\"elementor-heading-title elementor-size-default\">Documentation for national and international travel<\/span>\t\t\t\t<\/div>\n\t\t\t\t<\/div>\n\t\t\t\t<div class=\"elementor-element elementor-element-8f96296 elementor-widget elementor-widget-heading\" data-id=\"8f96296\" data-element_type=\"widget\" data-e-type=\"widget\" data-widget_type=\"heading.default\">\n\t\t\t\t<div class=\"elementor-widget-container\">\n\t\t\t\t\t<h2 class=\"elementor-heading-title elementor-size-default\">PIER MAU\u00c1 CRUISE TERMINAL<\/h2>\t\t\t\t<\/div>\n\t\t\t\t<\/div>\n\t\t\t\t<div class=\"elementor-element elementor-element-376a143 elementor-widget elementor-widget-text-editor\" data-id=\"376a143\" data-element_type=\"widget\" data-e-type=\"widget\" data-widget_type=\"text-editor.default\">\n\t\t\t\t<div class=\"elementor-widget-container\">\n\t\t\t\t\t\t\t\t\t<p>To ensure a smooth trip in compliance with all requirements and criteria of federal laws, Pier Mau\u00e1 provides some important information and links on documentation required for boarding cruises. They can be widely consulted on the websites of the Federal Police, Itamaraty, Planalto and Federal Justice.<\/p><p>It is important that all passengers present an original document, in good condition and with a photo that matches the person&#039;s current appearance. We recommend that the document is less than 10 years old. It is prohibited by law for passengers to board with copies of documents (xerox), even if authenticated.<\/p><p>Authorization for Accommodation \u2013 For minors who will travel unaccompanied by their guardians, in addition to authorization to travel, it is necessary to present authorization for accommodation, in accordance with article 250, of Law No. 8,069, of July 13, 1990. Authorization is essential for travel nationals and internationals.<\/p><p>\u2013 Access the Judiciary website to consult documentation for minors<br \/><a href=\"http:\/\/www.tjsp.jus.br\/Download\/CoordenadoriaInfanciaJuventude\/pdf\/AutorizacaoViagemMenor\/AutorizacaoViagemMenorEsclarecimentos.pdf\">http:\/\/www.tjsp.jus.br\/Download\/CoordenadoriaInfanciaJuventude\/pdf\/AutorizacaoViagemMenor\/AutorizacaoViagemMenorEsclarecimentos.pdf<\/a><\/p><p><strong>WE RECOMMEND THAT YOU CHECK WITH THE SHIPPING COMPANY ABOUT THE DOCUMENTATION REQUIRED FOR YOUR CRUISE, AS THIS MAY CHANGE ACCORDING TO THE ITINERARY.<\/strong><\/p>\t\t\t\t\t\t\t\t<\/div>\n\t\t\t\t<\/div>\n\t\t\t\t\t<\/div>\n\t\t<\/div>\n\t\t\t\t\t<\/div>\n\t\t<\/section>\n\t\t\t\t<\/div>","protected":false},"excerpt":{"rendered":"<p>Documenta\u00e7\u00e3o para viagens nacionais e internacionais TERMINAL DE CRUZEIROS DO PIER MAU\u00c1 Para garantir uma viagem tranquila e em conformidade com todas as exig\u00eancias e crit\u00e9rios de leis federais, o [&hellip;]<\/p>\n","protected":false},"author":1,"featured_media":171,"parent":0,"menu_order":0,"comment_status":"closed","ping_status":"closed","template":"","meta":{"_acf_changed":false,"footnotes":""},"class_list":["post-541","page","type-page","status-publish","has-post-thumbnail","hentry"],"acf":[],"_links":{"self":[{"href":"https:\/\/piermaua.rio\/en\/wp-json\/wp\/v2\/pages\/541","targetHints":{"allow":["GET"]}}],"collection":[{"href":"https:\/\/piermaua.rio\/en\/wp-json\/wp\/v2\/pages"}],"about":[{"href":"https:\/\/piermaua.rio\/en\/wp-json\/wp\/v2\/types\/page"}],"author":[{"embeddable":true,"href":"https:\/\/piermaua.rio\/en\/wp-json\/wp\/v2\/users\/1"}],"replies":[{"embeddable":true,"href":"https:\/\/piermaua.rio\/en\/wp-json\/wp\/v2\/comments?post=541"}],"version-history":[{"count":6,"href":"https:\/\/piermaua.rio\/en\/wp-json\/wp\/v2\/pages\/541\/revisions"}],"predecessor-version":[{"id":29324,"href":"https:\/\/piermaua.rio\/en\/wp-json\/wp\/v2\/pages\/541\/revisions\/29324"}],"wp:featuredmedia":[{"embeddable":true,"href":"https:\/\/piermaua.rio\/en\/wp-json\/wp\/v2\/media\/171"}],"wp:attachment":[{"href":"https:\/\/piermaua.rio\/en\/wp-json\/wp\/v2\/media?parent=541"}],"curies":[{"name":"wp","href":"https:\/\/api.w.org\/{rel}","templated":true}]}}