{"id":594,"date":"2024-03-19T10:29:51","date_gmt":"2024-03-19T13:29:51","guid":{"rendered":"https:\/\/piermaua.rio\/?page_id=594"},"modified":"2025-07-04T17:42:57","modified_gmt":"2025-07-04T20:42:57","slug":"espacos","status":"publish","type":"page","link":"https:\/\/piermaua.rio\/en\/espacos\/","title":{"rendered":"Spaces"},"content":{"rendered":"<div data-elementor-type=\"wp-page\" data-elementor-id=\"594\" class=\"elementor elementor-594\" data-elementor-post-type=\"page\">\n\t\t\t\t\t\t<section class=\"elementor-section elementor-top-section elementor-element elementor-element-d8b65f1 elementor-section-content-middle elementor-section-boxed elementor-section-height-default elementor-section-height-default\" data-id=\"d8b65f1\" data-element_type=\"section\" data-e-type=\"section\" data-settings=\"{&quot;background_background&quot;:&quot;classic&quot;}\">\n\t\t\t\t\t\t\t<div class=\"elementor-background-overlay\"><\/div>\n\t\t\t\t\t\t\t<div class=\"elementor-container elementor-column-gap-wider\">\n\t\t\t\t\t<div class=\"elementor-column elementor-col-100 elementor-top-column elementor-element elementor-element-51e3212\" data-id=\"51e3212\" data-element_type=\"column\" data-e-type=\"column\">\n\t\t\t<div class=\"elementor-widget-wrap elementor-element-populated\">\n\t\t\t\t\t\t<div class=\"elementor-element elementor-element-8f96296 elementor-widget elementor-widget-heading\" data-id=\"8f96296\" data-element_type=\"widget\" data-e-type=\"widget\" data-widget_type=\"heading.default\">\n\t\t\t\t<div class=\"elementor-widget-container\">\n\t\t\t\t\t<h2 class=\"elementor-heading-title elementor-size-default\">DISCOVER OUR PLANTS<\/h2>\t\t\t\t<\/div>\n\t\t\t\t<\/div>\n\t\t\t\t<div class=\"elementor-element elementor-element-9fd5245 elementor-widget elementor-widget-heading\" data-id=\"9fd5245\" data-element_type=\"widget\" data-e-type=\"widget\" data-widget_type=\"heading.default\">\n\t\t\t\t<div class=\"elementor-widget-container\">\n\t\t\t\t\t<span class=\"elementor-heading-title elementor-size-default\">and choose the best space for your next party!<\/span>\t\t\t\t<\/div>\n\t\t\t\t<\/div>\n\t\t\t\t<div class=\"elementor-element elementor-element-1b9992e elementor-tabs-alignment-center elementor-tabs-view-horizontal elementor-widget elementor-widget-tabs\" data-id=\"1b9992e\" data-element_type=\"widget\" data-e-type=\"widget\" data-widget_type=\"tabs.default\">\n\t\t\t\t<div class=\"elementor-widget-container\">\n\t\t\t\t\t\t\t<div class=\"elementor-tabs\">\n\t\t\t<div class=\"elementor-tabs-wrapper\" role=\"tablist\" >\n\t\t\t\t\t\t\t\t\t<div id=\"elementor-tab-title-2891\" class=\"elementor-tab-title elementor-tab-desktop-title\" aria-selected=\"true\" data-tab=\"1\" role=\"tab\" tabindex=\"0\" aria-controls=\"elementor-tab-content-2891\" aria-expanded=\"false\">WAREHOUSE 1<\/div>\n\t\t\t\t\t\t\t\t\t<div id=\"elementor-tab-title-2892\" class=\"elementor-tab-title elementor-tab-desktop-title\" aria-selected=\"false\" data-tab=\"2\" role=\"tab\" tabindex=\"-1\" aria-controls=\"elementor-tab-content-2892\" aria-expanded=\"false\">WAREHOUSE 2<\/div>\n\t\t\t\t\t\t\t\t\t<div id=\"elementor-tab-title-2893\" class=\"elementor-tab-title elementor-tab-desktop-title\" aria-selected=\"false\" data-tab=\"3\" role=\"tab\" tabindex=\"-1\" aria-controls=\"elementor-tab-content-2893\" aria-expanded=\"false\">WAREHOUSE 3<\/div>\n\t\t\t\t\t\t\t\t\t<div id=\"elementor-tab-title-2894\" class=\"elementor-tab-title elementor-tab-desktop-title\" aria-selected=\"false\" data-tab=\"4\" role=\"tab\" tabindex=\"-1\" aria-controls=\"elementor-tab-content-2894\" aria-expanded=\"false\">WAREHOUSE 4<\/div>\n\t\t\t\t\t\t\t\t\t<div id=\"elementor-tab-title-2895\" class=\"elementor-tab-title elementor-tab-desktop-title\" aria-selected=\"false\" data-tab=\"5\" role=\"tab\" tabindex=\"-1\" aria-controls=\"elementor-tab-content-2895\" aria-expanded=\"false\">WAREHOUSE 5<\/div>\n\t\t\t\t\t\t\t<\/div>\n\t\t\t<div class=\"elementor-tabs-content-wrapper\" role=\"tablist\" aria-orientation=\"vertical\">\n\t\t\t\t\t\t\t\t\t<div class=\"elementor-tab-title elementor-tab-mobile-title\" aria-selected=\"true\" data-tab=\"1\" role=\"tab\" tabindex=\"0\" aria-controls=\"elementor-tab-content-2891\" aria-expanded=\"false\">WAREHOUSE 1<\/div>\n\t\t\t\t\t<div id=\"elementor-tab-content-2891\" class=\"elementor-tab-content elementor-clearfix\" data-tab=\"1\" role=\"tabpanel\" aria-labelledby=\"elementor-tab-title-2891\" tabindex=\"0\" hidden=\"false\"><p><img fetchpriority=\"high\" decoding=\"async\" class=\"alignnone wp-image-28664 size-full\" src=\"https:\/\/piermaua.rio\/wp-content\/uploads\/2025\/07\/PM-EVENTO2024-PLANTABAIXA-ARM01B-R02_pages-to-jpg-0001-scaled.jpg\" alt=\"\" width=\"2560\" height=\"1811\" srcset=\"https:\/\/piermaua.rio\/wp-content\/uploads\/2025\/07\/PM-EVENTO2024-PLANTABAIXA-ARM01B-R02_pages-to-jpg-0001-scaled.jpg 2560w, https:\/\/piermaua.rio\/wp-content\/uploads\/2025\/07\/PM-EVENTO2024-PLANTABAIXA-ARM01B-R02_pages-to-jpg-0001-300x212.jpg 300w, https:\/\/piermaua.rio\/wp-content\/uploads\/2025\/07\/PM-EVENTO2024-PLANTABAIXA-ARM01B-R02_pages-to-jpg-0001-1024x724.jpg 1024w, https:\/\/piermaua.rio\/wp-content\/uploads\/2025\/07\/PM-EVENTO2024-PLANTABAIXA-ARM01B-R02_pages-to-jpg-0001-150x106.jpg 150w, https:\/\/piermaua.rio\/wp-content\/uploads\/2025\/07\/PM-EVENTO2024-PLANTABAIXA-ARM01B-R02_pages-to-jpg-0001-768x543.jpg 768w, https:\/\/piermaua.rio\/wp-content\/uploads\/2025\/07\/PM-EVENTO2024-PLANTABAIXA-ARM01B-R02_pages-to-jpg-0001-1536x1086.jpg 1536w, https:\/\/piermaua.rio\/wp-content\/uploads\/2025\/07\/PM-EVENTO2024-PLANTABAIXA-ARM01B-R02_pages-to-jpg-0001-2048x1449.jpg 2048w, https:\/\/piermaua.rio\/wp-content\/uploads\/2025\/07\/PM-EVENTO2024-PLANTABAIXA-ARM01B-R02_pages-to-jpg-0001-18x12.jpg 18w\" sizes=\"(max-width: 2560px) 100vw, 2560px\" \/><\/p><\/div>\n\t\t\t\t\t\t\t\t\t<div class=\"elementor-tab-title elementor-tab-mobile-title\" aria-selected=\"false\" data-tab=\"2\" role=\"tab\" tabindex=\"-1\" aria-controls=\"elementor-tab-content-2892\" aria-expanded=\"false\">WAREHOUSE 2<\/div>\n\t\t\t\t\t<div id=\"elementor-tab-content-2892\" class=\"elementor-tab-content elementor-clearfix\" data-tab=\"2\" role=\"tabpanel\" aria-labelledby=\"elementor-tab-title-2892\" tabindex=\"0\" hidden=\"hidden\"><p>Not available for rent at this time.<\/p><\/div>\n\t\t\t\t\t\t\t\t\t<div class=\"elementor-tab-title elementor-tab-mobile-title\" aria-selected=\"false\" data-tab=\"3\" role=\"tab\" tabindex=\"-1\" aria-controls=\"elementor-tab-content-2893\" aria-expanded=\"false\">WAREHOUSE 3<\/div>\n\t\t\t\t\t<div id=\"elementor-tab-content-2893\" class=\"elementor-tab-content elementor-clearfix\" data-tab=\"3\" role=\"tabpanel\" aria-labelledby=\"elementor-tab-title-2893\" tabindex=\"0\" hidden=\"hidden\"><p><img decoding=\"async\" class=\"alignnone wp-image-28665 size-full\" src=\"https:\/\/piermaua.rio\/wp-content\/uploads\/2025\/07\/PM-EVENTO2024-PLANTABAIXA-ARM03-R01_pages-to-jpg-0001-scaled.jpg\" alt=\"\" width=\"2560\" height=\"1811\" srcset=\"https:\/\/piermaua.rio\/wp-content\/uploads\/2025\/07\/PM-EVENTO2024-PLANTABAIXA-ARM03-R01_pages-to-jpg-0001-scaled.jpg 2560w, https:\/\/piermaua.rio\/wp-content\/uploads\/2025\/07\/PM-EVENTO2024-PLANTABAIXA-ARM03-R01_pages-to-jpg-0001-300x212.jpg 300w, https:\/\/piermaua.rio\/wp-content\/uploads\/2025\/07\/PM-EVENTO2024-PLANTABAIXA-ARM03-R01_pages-to-jpg-0001-1024x724.jpg 1024w, https:\/\/piermaua.rio\/wp-content\/uploads\/2025\/07\/PM-EVENTO2024-PLANTABAIXA-ARM03-R01_pages-to-jpg-0001-150x106.jpg 150w, https:\/\/piermaua.rio\/wp-content\/uploads\/2025\/07\/PM-EVENTO2024-PLANTABAIXA-ARM03-R01_pages-to-jpg-0001-768x543.jpg 768w, https:\/\/piermaua.rio\/wp-content\/uploads\/2025\/07\/PM-EVENTO2024-PLANTABAIXA-ARM03-R01_pages-to-jpg-0001-1536x1086.jpg 1536w, https:\/\/piermaua.rio\/wp-content\/uploads\/2025\/07\/PM-EVENTO2024-PLANTABAIXA-ARM03-R01_pages-to-jpg-0001-2048x1449.jpg 2048w, https:\/\/piermaua.rio\/wp-content\/uploads\/2025\/07\/PM-EVENTO2024-PLANTABAIXA-ARM03-R01_pages-to-jpg-0001-18x12.jpg 18w\" sizes=\"(max-width: 2560px) 100vw, 2560px\" \/><\/p><\/div>\n\t\t\t\t\t\t\t\t\t<div class=\"elementor-tab-title elementor-tab-mobile-title\" aria-selected=\"false\" data-tab=\"4\" role=\"tab\" tabindex=\"-1\" aria-controls=\"elementor-tab-content-2894\" aria-expanded=\"false\">WAREHOUSE 4<\/div>\n\t\t\t\t\t<div id=\"elementor-tab-content-2894\" class=\"elementor-tab-content elementor-clearfix\" data-tab=\"4\" role=\"tabpanel\" aria-labelledby=\"elementor-tab-title-2894\" tabindex=\"0\" hidden=\"hidden\"><p><img decoding=\"async\" class=\"alignnone wp-image-28666 size-full\" src=\"https:\/\/piermaua.rio\/wp-content\/uploads\/2025\/07\/PM-EVENTO2024-PLANTABAIXA-ARM04-R01_pages-to-jpg-0001-scaled.jpg\" alt=\"\" width=\"2560\" height=\"1811\" srcset=\"https:\/\/piermaua.rio\/wp-content\/uploads\/2025\/07\/PM-EVENTO2024-PLANTABAIXA-ARM04-R01_pages-to-jpg-0001-scaled.jpg 2560w, https:\/\/piermaua.rio\/wp-content\/uploads\/2025\/07\/PM-EVENTO2024-PLANTABAIXA-ARM04-R01_pages-to-jpg-0001-300x212.jpg 300w, https:\/\/piermaua.rio\/wp-content\/uploads\/2025\/07\/PM-EVENTO2024-PLANTABAIXA-ARM04-R01_pages-to-jpg-0001-1024x724.jpg 1024w, https:\/\/piermaua.rio\/wp-content\/uploads\/2025\/07\/PM-EVENTO2024-PLANTABAIXA-ARM04-R01_pages-to-jpg-0001-150x106.jpg 150w, https:\/\/piermaua.rio\/wp-content\/uploads\/2025\/07\/PM-EVENTO2024-PLANTABAIXA-ARM04-R01_pages-to-jpg-0001-768x543.jpg 768w, https:\/\/piermaua.rio\/wp-content\/uploads\/2025\/07\/PM-EVENTO2024-PLANTABAIXA-ARM04-R01_pages-to-jpg-0001-1536x1086.jpg 1536w, https:\/\/piermaua.rio\/wp-content\/uploads\/2025\/07\/PM-EVENTO2024-PLANTABAIXA-ARM04-R01_pages-to-jpg-0001-2048x1449.jpg 2048w, https:\/\/piermaua.rio\/wp-content\/uploads\/2025\/07\/PM-EVENTO2024-PLANTABAIXA-ARM04-R01_pages-to-jpg-0001-18x12.jpg 18w\" sizes=\"(max-width: 2560px) 100vw, 2560px\" \/><\/p><\/div>\n\t\t\t\t\t\t\t\t\t<div class=\"elementor-tab-title elementor-tab-mobile-title\" aria-selected=\"false\" data-tab=\"5\" role=\"tab\" tabindex=\"-1\" aria-controls=\"elementor-tab-content-2895\" aria-expanded=\"false\">WAREHOUSE 5<\/div>\n\t\t\t\t\t<div id=\"elementor-tab-content-2895\" class=\"elementor-tab-content elementor-clearfix\" data-tab=\"5\" role=\"tabpanel\" aria-labelledby=\"elementor-tab-title-2895\" tabindex=\"0\" hidden=\"hidden\"><p><img loading=\"lazy\" decoding=\"async\" class=\"alignnone wp-image-28667 size-full\" src=\"https:\/\/piermaua.rio\/wp-content\/uploads\/2025\/07\/PM-EVENTO2024-PLANTABAIXA-ARM05-R02_page-0001-scaled.jpg\" alt=\"\" width=\"2560\" height=\"1811\" srcset=\"https:\/\/piermaua.rio\/wp-content\/uploads\/2025\/07\/PM-EVENTO2024-PLANTABAIXA-ARM05-R02_page-0001-scaled.jpg 2560w, https:\/\/piermaua.rio\/wp-content\/uploads\/2025\/07\/PM-EVENTO2024-PLANTABAIXA-ARM05-R02_page-0001-300x212.jpg 300w, https:\/\/piermaua.rio\/wp-content\/uploads\/2025\/07\/PM-EVENTO2024-PLANTABAIXA-ARM05-R02_page-0001-1024x724.jpg 1024w, https:\/\/piermaua.rio\/wp-content\/uploads\/2025\/07\/PM-EVENTO2024-PLANTABAIXA-ARM05-R02_page-0001-150x106.jpg 150w, https:\/\/piermaua.rio\/wp-content\/uploads\/2025\/07\/PM-EVENTO2024-PLANTABAIXA-ARM05-R02_page-0001-768x543.jpg 768w, https:\/\/piermaua.rio\/wp-content\/uploads\/2025\/07\/PM-EVENTO2024-PLANTABAIXA-ARM05-R02_page-0001-1536x1086.jpg 1536w, https:\/\/piermaua.rio\/wp-content\/uploads\/2025\/07\/PM-EVENTO2024-PLANTABAIXA-ARM05-R02_page-0001-2048x1449.jpg 2048w, https:\/\/piermaua.rio\/wp-content\/uploads\/2025\/07\/PM-EVENTO2024-PLANTABAIXA-ARM05-R02_page-0001-18x12.jpg 18w\" sizes=\"(max-width: 2560px) 100vw, 2560px\" \/><\/p><\/div>\n\t\t\t\t\t\t\t<\/div>\n\t\t<\/div>\n\t\t\t\t\t\t<\/div>\n\t\t\t\t<\/div>\n\t\t\t\t\t<\/div>\n\t\t<\/div>\n\t\t\t\t\t<\/div>\n\t\t<\/section>\n\t\t\t\t<\/div>","protected":false},"excerpt":{"rendered":"<p>CONHE\u00c7A NOSSAS PLANTAS e escolha o melhor espa\u00e7o para sua pr\u00f3xima festa! ARMAZ\u00c9M 1 ARMAZ\u00c9M 2 ARMAZ\u00c9M 3 ARMAZ\u00c9M 4 ARMAZ\u00c9M 5 ARMAZ\u00c9M 1 ARMAZ\u00c9M 2 N\u00e3o dispon\u00edvel para loca\u00e7\u00e3o [&hellip;]<\/p>\n","protected":false},"author":1,"featured_media":171,"parent":0,"menu_order":0,"comment_status":"closed","ping_status":"closed","template":"","meta":{"_acf_changed":false,"footnotes":""},"class_list":["post-594","page","type-page","status-publish","has-post-thumbnail","hentry"],"acf":[],"_links":{"self":[{"href":"https:\/\/piermaua.rio\/en\/wp-json\/wp\/v2\/pages\/594","targetHints":{"allow":["GET"]}}],"collection":[{"href":"https:\/\/piermaua.rio\/en\/wp-json\/wp\/v2\/pages"}],"about":[{"href":"https:\/\/piermaua.rio\/en\/wp-json\/wp\/v2\/types\/page"}],"author":[{"embeddable":true,"href":"https:\/\/piermaua.rio\/en\/wp-json\/wp\/v2\/users\/1"}],"replies":[{"embeddable":true,"href":"https:\/\/piermaua.rio\/en\/wp-json\/wp\/v2\/comments?post=594"}],"version-history":[{"count":6,"href":"https:\/\/piermaua.rio\/en\/wp-json\/wp\/v2\/pages\/594\/revisions"}],"predecessor-version":[{"id":28670,"href":"https:\/\/piermaua.rio\/en\/wp-json\/wp\/v2\/pages\/594\/revisions\/28670"}],"wp:featuredmedia":[{"embeddable":true,"href":"https:\/\/piermaua.rio\/en\/wp-json\/wp\/v2\/media\/171"}],"wp:attachment":[{"href":"https:\/\/piermaua.rio\/en\/wp-json\/wp\/v2\/media?parent=594"}],"curies":[{"name":"wp","href":"https:\/\/api.w.org\/{rel}","templated":true}]}}