{"id":26175,"date":"2024-05-07T09:51:56","date_gmt":"2024-05-07T12:51:56","guid":{"rendered":"https:\/\/piermaua.rio\/?page_id=26175"},"modified":"2024-05-07T09:53:51","modified_gmt":"2024-05-07T12:53:51","slug":"politica-de-privacidade","status":"publish","type":"page","link":"https:\/\/piermaua.rio\/es\/politica-de-privacidade\/","title":{"rendered":"Pol\u00edtica de privacidad"},"content":{"rendered":"<div data-elementor-type=\"wp-page\" data-elementor-id=\"26175\" class=\"elementor elementor-26175\" data-elementor-post-type=\"page\">\n\t\t\t\t\t\t<section class=\"elementor-section elementor-top-section elementor-element elementor-element-699981b elementor-section-boxed elementor-section-height-default elementor-section-height-default\" data-id=\"699981b\" data-element_type=\"section\" data-e-type=\"section\">\n\t\t\t\t\t\t<div class=\"elementor-container elementor-column-gap-default\">\n\t\t\t\t\t<div class=\"elementor-column elementor-col-100 elementor-top-column elementor-element elementor-element-5a589f0\" data-id=\"5a589f0\" data-element_type=\"column\" data-e-type=\"column\">\n\t\t\t<div class=\"elementor-widget-wrap elementor-element-populated\">\n\t\t\t\t\t\t<div class=\"elementor-element elementor-element-89e964b elementor-widget elementor-widget-text-editor\" data-id=\"89e964b\" data-element_type=\"widget\" data-e-type=\"widget\" data-widget_type=\"text-editor.default\">\n\t\t\t\t<div class=\"elementor-widget-container\">\n\t\t\t\t\t\t\t\t\t<p><b>POL\u00cdTICA DE PRIVACIDAD\u00a0<\/b><\/p><p><span style=\"font-weight: 400;\">El prop\u00f3sito de la Pol\u00edtica de Privacidad de PIER MAU\u00c1 es demostrar el compromiso de la organizaci\u00f3n con la privacidad y seguridad de los datos personales.<\/span><\/p><p><span style=\"font-weight: 400;\">Informa c\u00f3mo se procesar\u00e1n y eliminar\u00e1n los datos personales, adem\u00e1s de garantizar que la informaci\u00f3n no se proporcione o comparta de manera inapropiada, respetando la legislaci\u00f3n vigente y la Ley General de Protecci\u00f3n de Datos Personales - LGPD (Ley N\u00b0 13.709\/2018).<\/span><\/p><p><b>Este sitio web est\u00e1 gestionado por Simples.net - Marketing Digital, que se compromete a cumplir las disposiciones de la LGPD.<\/b><\/p><p><span style=\"font-weight: 400;\">Adem\u00e1s de este sitio web, PIER MAU\u00c1 puede recabar datos personales de empleados, clientes, contratistas, visitantes y socios a trav\u00e9s de otras redes sociales corporativas, as\u00ed como del contacto directo con nuestro equipo, exclusivamente a trav\u00e9s del correo electr\u00f3nico corporativo.<\/span><\/p><p><span style=\"font-weight: 400;\">Al acceder al sitio web de PIER MAU\u00c1 y facilitar sus datos de car\u00e1cter personal, los usuarios son conscientes de lo dispuesto en la presente Pol\u00edtica de Privacidad, as\u00ed como de los derechos que les asisten como titulares de datos de car\u00e1cter personal.<\/span><\/p><p><span style=\"font-weight: 400;\">La Pol\u00edtica de Privacidad relativa a los empleados de P\u00cdER MAU\u00c1 se trata en las normas internas de la empresa.\u00a0<\/span><\/p><p><b>No se utilizan COOKIES para acceder al sitio web de PIER MAU\u00c1.<\/b><\/p><p><b>\u00a0<\/b><\/p><p><b>1. DEFINICIONES<\/b><\/p><p><b>Agentes de tratamiento<\/b><span style=\"font-weight: 400;\">Los principales protagonistas de la LGPD son el responsable del tratamiento y el operador. El responsable del tratamiento es la persona f\u00edsica o jur\u00eddica, del sector p\u00fablico o privado, que tiene poder de decisi\u00f3n sobre el tratamiento de datos personales. El operador, por su parte, es la persona f\u00edsica o jur\u00eddica, del sector p\u00fablico o privado, que trata los datos personales por cuenta del responsable del tratamiento, es decir, siguiendo sus instrucciones.<\/span><\/p><p><b>Sujeto de los datos<\/b><span style=\"font-weight: 400;\">La persona f\u00edsica a la que se refieren los datos personales objeto de tratamiento.<\/span><\/p><p><b>Datos personales<\/b><span style=\"font-weight: 400;\">Por \"persona f\u00edsica\" se entiende cualquier informaci\u00f3n que permita identificar directamente a una persona f\u00edsica de forma indirecta, como el nombre, el n\u00famero de identificaci\u00f3n, los datos de localizaci\u00f3n, el identificador electr\u00f3nico, uno o varios factores vinculados a la identidad f\u00edsica, psicol\u00f3gica, gen\u00e9tica, mental, econ\u00f3mica, cultural o social de la persona f\u00edsica.<\/span><\/p><p><b>Datos sensibles<\/b><span style=\"font-weight: 400;\">Los datos personales son informaci\u00f3n que revela el origen racial o \u00e9tnico, las creencias religiosas o filos\u00f3ficas, las opiniones pol\u00edticas, la afiliaci\u00f3n sindical, cuestiones gen\u00e9ticas, datos biom\u00e9tricos e informaci\u00f3n sobre la salud o la vida sexual de una persona. Este tipo de datos personales requiere una atenci\u00f3n especial, ya que se trata de informaci\u00f3n que podr\u00eda dar lugar a discriminaci\u00f3n contra el interesado. Los datos personales sensibles s\u00f3lo se tratar\u00e1n en los casos previstos en la LGPD.<\/span><\/p><p><b>Datos sobre ni\u00f1os y adolescentes<\/b><span style=\"font-weight: 400;\">El uso de datos de ni\u00f1os y adolescentes tambi\u00e9n requiere un cuidado adicional; s\u00f3lo se tratar\u00e1n de conformidad con la LGPD y cuando sea estrictamente necesario. Seg\u00fan el Estatuto del Ni\u00f1o y del Adolescente, un ni\u00f1o es un individuo de hasta 12 a\u00f1os, y un adolescente es un individuo de entre 12 y 18 a\u00f1os.<\/span><\/p><p><b>Tratamiento de datos<\/b><span style=\"font-weight: 400;\">cualquier operaci\u00f3n o conjunto de operaciones, efectuadas o no mediante procedimientos automatizados, que se realicen con datos personales o conjuntos de datos personales, como catalogaci\u00f3n, registro, organizaci\u00f3n, estructuraci\u00f3n, conservaci\u00f3n, adaptaci\u00f3n o modificaci\u00f3n, recogida, consulta, utilizaci\u00f3n, comunicaci\u00f3n por transmisi\u00f3n, difusi\u00f3n o cualquier forma de puesta a disposici\u00f3n, cotejo, interconexi\u00f3n, limitaci\u00f3n, supresi\u00f3n o destrucci\u00f3n.<\/span><\/p><p><b>Base jur\u00eddica (hip\u00f3tesis de tratamiento de datos)<\/b><span style=\"font-weight: 400;\">Esta es la justificaci\u00f3n, basada en la LGPD, para que el responsable del tratamiento trate los datos de los interesados. La legislaci\u00f3n proh\u00edbe la recogida y el tratamiento de datos para los que no existe una disposici\u00f3n legal en la LGPD.<\/span><\/p><p>\u00a0<\/p><ol start=\"2\"><li><b> C\u00d3MO SE TRATAN LOS DATOS PERSONALES:<\/b><\/li><\/ol><p><b>P\u00e1gina web de Pier Mau\u00e1 - EVENTOS y ANUNCIOS<\/b><\/p><p><span style=\"font-weight: 400;\">Los interesados son clientes interesados en cotizar y contratar un local para eventos, o sus representantes.<\/span><\/p><p><span style=\"font-weight: 400;\">Los datos personales recogidos son: nombre completo y direcci\u00f3n de correo electr\u00f3nico.<\/span><\/p><p><span style=\"font-weight: 400;\">Estos datos se recoger\u00e1n con fines comerciales, y se conservar\u00e1n en base a las hip\u00f3tesis de EJECUCI\u00d3N DE CONTRATO (contratos en curso) y EJERCICIO REGULAR DEL DERECHO (tras la prestaci\u00f3n del servicio por parte de PIER MAU\u00c1).<\/span><\/p><p>\u00a0<\/p><p><b>P\u00e1gina web de Pier Mau\u00e1 - CONTACTOS\u00a0<\/b><\/p><p><span style=\"font-weight: 400;\">El sitio tambi\u00e9n recoge datos de usuarios interesados en ofrecer servicios, productos o enviar curr\u00edculos.<\/span><\/p><p><span style=\"font-weight: 400;\">Los datos personales recogidos son: nombre completo, DNI, direcci\u00f3n de correo electr\u00f3nico.\u00a0<\/span><\/p><p><span style=\"font-weight: 400;\">La finalidad de esta recopilaci\u00f3n es mantener un registro de socios, posibles candidatos o clientes interesados en diversas solicitudes.\u00a0\u00a0<\/span><\/p><p><span style=\"font-weight: 400;\">Toda la informaci\u00f3n recopilada se transmite a los sectores responsables y se procesa de acuerdo con la base jur\u00eddica aplicable a cada situaci\u00f3n.<\/span><\/p><p>\u00a0<\/p><p><b>Contrataci\u00f3n de proveedores de servicios\u00a0<\/b><\/p><p><span style=\"font-weight: 400;\">\u00a0Los interesados son los representantes y socios de las empresas que prestan el servicio, as\u00ed como los directivos de PIER MAU\u00c1.<\/span><\/p><p><span style=\"font-weight: 400;\">La finalidad de la recogida y el tratamiento de los datos se lleva a cabo de acuerdo con las etapas:<\/span><\/p><ul><li style=\"font-weight: 400;\" aria-level=\"1\"><span style=\"font-weight: 400;\">en la formalizaci\u00f3n de contratos de prestaci\u00f3n de servicios y alquiler de espacios para eventos o actos fijos. Los datos personales recogidos son: nombre completo, CPF, correo electr\u00f3nico, DNI, direcci\u00f3n, estado civil de los representantes del contratista y del contratante (consejo de administraci\u00f3n y\/o directivos de PIER MAU\u00c1).\u00a0<\/span><\/li><li style=\"font-weight: 400;\" aria-level=\"1\"><span style=\"font-weight: 400;\">Al conceder el acceso a las \u00e1reas portuarias, los datos personales recogidos son: nombre completo, CPF, DNI, foto e im\u00e1genes de v\u00eddeo. La finalidad de esta recogida de datos es garantizar la seguridad del lugar y de los implicados, as\u00ed como el cumplimiento de la legislaci\u00f3n de las autoridades portuarias y de la Polic\u00eda Federal.<\/span><\/li><li style=\"font-weight: 400;\" aria-level=\"1\"><span style=\"font-weight: 400;\">en el cumplimiento y cierre del contrato, en particular los requisitos de calidad, seguridad y salud laboral. Los datos personales incluyen: nombre completo, CPF, DNI, im\u00e1genes fotogr\u00e1ficas y de v\u00eddeo, ex\u00e1menes ocupacionales, pruebas de cualificaciones y formaci\u00f3n.<\/span><\/li><\/ul><p><span style=\"font-weight: 400;\">En la contrataci\u00f3n de proveedores de servicios, el FUNDAMENTO JUR\u00cdDICO es la EJECUCI\u00d3N DEL CONTRATO (contratos en curso), EJERCICIO REGULAR DEL DERECHO (una vez finalizado el contrato), as\u00ed como el CUMPLIMIENTO DE LA OBLIGACI\u00d3N LEGAL, en relaci\u00f3n con posibles exigencias de terceros (legislaci\u00f3n laboral, de seguridad social y fiscal).<\/span><\/p><p>\u00a0<\/p><p><b>Auditor\u00edas de certificaci\u00f3n<\/b><\/p><p><span style=\"font-weight: 400;\">Los interesados son los auditores, los directivos de PIER MAU\u00c1, y otros auditados, cuyos datos personales son: nombre completo, direcci\u00f3n de correo electr\u00f3nico, cargo\/funci\u00f3n.<\/span><\/p><p><span style=\"font-weight: 400;\">El objetivo de las auditor\u00edas es demostrar el cumplimiento de los procesos y requisitos de salud y seguridad en el trabajo, de acuerdo con las normas t\u00e9cnicas y legales del puerto.<\/span><\/p><p><span style=\"font-weight: 400;\">Los datos personales son: nombre completo, direcci\u00f3n de correo electr\u00f3nico, cargo\/posici\u00f3n.<\/span><\/p><p><span style=\"font-weight: 400;\">Cuando se realizan auditor\u00edas para la certificaci\u00f3n, se considera que el FUNDAMENTO JUR\u00cdDICO es el CUMPLIMIENTO DE UNA OBLIGACI\u00d3N LEGAL.<\/span><\/p><p><br \/><br \/><\/p><p><b>DERECHOS DE LOS INTERESADOS<\/b><\/p><p><span style=\"font-weight: 400;\">De acuerdo con la LGPG, todo SUJETO DE DATOS PERSONALES tiene los siguientes derechos en relaci\u00f3n con la base de datos de la que es responsable PIER MAU\u00c1:<\/span><\/p><ul><li style=\"font-weight: 400;\" aria-level=\"1\"><span style=\"font-weight: 400;\">confirmar la existencia del tratamiento de datos de forma clara y objetiva;<\/span><\/li><li style=\"font-weight: 400;\" aria-level=\"1\"><span style=\"font-weight: 400;\">acceso a sus datos, pudiendo solicitar una copia en formato f\u00edsico o digital, sin coste alguno para el propietario;<\/span><\/li><li style=\"font-weight: 400;\" aria-level=\"1\"><span style=\"font-weight: 400;\">solicitar la rectificaci\u00f3n o actualizaci\u00f3n de sus datos;<\/span><\/li><li style=\"font-weight: 400;\" aria-level=\"1\"><span style=\"font-weight: 400;\">solicitar la anonimizaci\u00f3n o supresi\u00f3n (DESECHO) de sus datos, cuando la base jur\u00eddica sea el CONSENTIMIENTO o el INTER\u00c9S LEG\u00cdTIMO. En funci\u00f3n del an\u00e1lisis, el interesado tambi\u00e9n podr\u00e1 solicitar la supresi\u00f3n de la base de datos;\u00a0<\/span><\/li><\/ul><p>\u00a0<\/p><p><b>COMPARTIR DATOS PERSONALES:<\/b><\/p><p><span style=\"font-weight: 400;\">PIER MAU\u00c1 comparte datos personales externamente s\u00f3lo en las siguientes situaciones:<\/span><\/p><ul><li style=\"font-weight: 400;\" aria-level=\"1\"><span style=\"font-weight: 400;\">Liberaci\u00f3n de acceso a las zonas portuarias: datos compartidos con la Polic\u00eda Federal, el CDRJ y la empresa que opera el sistema de acceso electr\u00f3nico;<\/span><\/li><li style=\"font-weight: 400;\" aria-level=\"1\"><span style=\"font-weight: 400;\">Mantenimiento de recursos inform\u00e1ticos propios: datos compartidos con contratistas especializados en tecnolog\u00eda y operadores telef\u00f3nicos.<\/span><\/li><li style=\"font-weight: 400;\" aria-level=\"1\"><span style=\"font-weight: 400;\">Salud laboral y gesti\u00f3n e-social: datos compartidos con una empresa de tecnolog\u00eda digital especializada en seguridad laboral, salud y gesti\u00f3n e-social.\u00a0<\/span><\/li><li style=\"font-weight: 400;\" aria-level=\"1\"><span style=\"font-weight: 400;\">Auditor\u00edas de normas de calidad y gesti\u00f3n medioambiental: datos compartidos con organismos medioambientales (INEA, IBAMA), organismos de la administraci\u00f3n p\u00fablica y de inspecci\u00f3n (ANTAQ, ANVISA, CDRJ), consultores especializados y organismos de certificaci\u00f3n.<\/span><\/li><\/ul><p>\u00a0<\/p><p><b>ALMACENAMIENTO Y PROTECCI\u00d3N DE DATOS PERSONALES<\/b><\/p><p><span style=\"font-weight: 400;\">La informaci\u00f3n introducida por los usuarios en el sitio web de P\u00eder Mau\u00e1 se almacena en servidores (datos electr\u00f3nicos), utilizando las mejores pr\u00e1cticas de ciberseguridad. Al igual que los dem\u00e1s datos recogidos electr\u00f3nicamente en otros procesos internos de la empresa. Si los datos se recogen f\u00edsicamente, se guardan en armarios con acceso limitado al sector y funci\u00f3n responsables.<\/span><\/p><p><span style=\"font-weight: 400;\">En el caso de compartici\u00f3n externa, las empresas contratadas (operadores) deber\u00e1n seguir la presente Pol\u00edtica de Privacidad, adem\u00e1s de mantener las acciones de seguridad administrativas y tecnol\u00f3gicas adecuadas dirigidas a la seguridad de la informaci\u00f3n y a la privacidad de los datos personales de los interesados.<\/span><\/p><p><span style=\"font-weight: 400;\">Algunos datos pueden conservarse m\u00e1s tiempo del exigido por ley por motivos internos de Pier Mau\u00e1. Y podr\u00e1n suprimirse a petici\u00f3n del interesado.<\/span><\/p><p>\u00a0<\/p><p><b>SUPRESI\u00d3N DE INFORMACI\u00d3N<\/b><\/p><p><span style=\"font-weight: 400;\">Los datos personales se descartar\u00e1n en las siguientes situaciones:<\/span><\/p><ul><li style=\"font-weight: 400;\" aria-level=\"1\"><span style=\"font-weight: 400;\">cese de la finalidad del tratamiento de datos;<\/span><\/li><li style=\"font-weight: 400;\" aria-level=\"1\"><span style=\"font-weight: 400;\">prescripci\u00f3n del documento o reclamaci\u00f3n, cuando el FUNDAMENTO JUR\u00cdDICO sea EL CUMPLIMIENTO DE UNA OBLIGACI\u00d3N JUR\u00cdDICA.<\/span><\/li><li style=\"font-weight: 400;\" aria-level=\"1\"><span style=\"font-weight: 400;\">a petici\u00f3n del interesado, cuando la BASE JUR\u00cdDICA sea el consentimiento o el INTER\u00c9S LEG\u00cdTIMO.<\/span><\/li><li style=\"font-weight: 400;\" aria-level=\"1\"><span style=\"font-weight: 400;\">a petici\u00f3n de la ANPD, de conformidad con la LGPD.\u00a0\u00a0<\/span><\/li><\/ul><p>\u00a0<\/p><p><b>ACTUALIZACI\u00d3N DE LA POL\u00cdTICA<\/b><\/p><p><span style=\"font-weight: 400;\">Esta versi\u00f3n de la Pol\u00edtica de Privacidad fue actualizada y publicada el 17\/08\/2022, y podr\u00e1 ser modificada siempre que PIER MAU\u00c1 lo considere necesario.\u00a0<\/span><\/p><p><span style=\"font-weight: 400;\">Cada vez que se introduzcan cambios, se publicar\u00e1n para informar a los propietarios.\u00a0<\/span><\/p><p>\u00a0<\/p><p><b>C\u00d3MO PONERSE EN CONTACTO CON NOSOTROS<\/b><\/p><p><span style=\"font-weight: 400;\">En caso de que el INTERESADO desee solicitar el acceso, rectificaci\u00f3n, actualizaci\u00f3n o supresi\u00f3n (en su caso) de los datos recogidos, podr\u00e1 dirigirse al Responsable del Tratamiento de PIER MAU\u00c1, indicando las condiciones en que se recogieron los datos y su identificaci\u00f3n.\u00a0<\/span><\/p><p><span style=\"font-weight: 400;\">Responsable del tratamiento: <\/span><a href=\"mailto:privacidade@piermaua.rio\"><span style=\"font-weight: 400;\">privacidade@piermaua.rio<\/span><\/a><\/p>\t\t\t\t\t\t\t\t<\/div>\n\t\t\t\t<\/div>\n\t\t\t\t\t<\/div>\n\t\t<\/div>\n\t\t\t\t\t<\/div>\n\t\t<\/section>\n\t\t\t\t<\/div>","protected":false},"excerpt":{"rendered":"<p>POL\u00cdTICA DE PRIVACIDADE\u00a0 A Pol\u00edtica de Privacidade do PIER MAU\u00c1 tem por objetivo demonstrar o comprometimento da organiza\u00e7\u00e3o com a privacidade e seguran\u00e7a de dados pessoais. Ela informa como os [&hellip;]<\/p>\n","protected":false},"author":1,"featured_media":171,"parent":0,"menu_order":0,"comment_status":"closed","ping_status":"closed","template":"","meta":{"_acf_changed":false,"footnotes":""},"class_list":["post-26175","page","type-page","status-publish","has-post-thumbnail","hentry"],"acf":[],"_links":{"self":[{"href":"https:\/\/piermaua.rio\/es\/wp-json\/wp\/v2\/pages\/26175","targetHints":{"allow":["GET"]}}],"collection":[{"href":"https:\/\/piermaua.rio\/es\/wp-json\/wp\/v2\/pages"}],"about":[{"href":"https:\/\/piermaua.rio\/es\/wp-json\/wp\/v2\/types\/page"}],"author":[{"embeddable":true,"href":"https:\/\/piermaua.rio\/es\/wp-json\/wp\/v2\/users\/1"}],"replies":[{"embeddable":true,"href":"https:\/\/piermaua.rio\/es\/wp-json\/wp\/v2\/comments?post=26175"}],"version-history":[{"count":0,"href":"https:\/\/piermaua.rio\/es\/wp-json\/wp\/v2\/pages\/26175\/revisions"}],"wp:featuredmedia":[{"embeddable":true,"href":"https:\/\/piermaua.rio\/es\/wp-json\/wp\/v2\/media\/171"}],"wp:attachment":[{"href":"https:\/\/piermaua.rio\/es\/wp-json\/wp\/v2\/media?parent=26175"}],"curies":[{"name":"wp","href":"https:\/\/api.w.org\/{rel}","templated":true}]}}