{"id":4967,"date":"2024-04-03T16:54:35","date_gmt":"2024-04-03T19:54:35","guid":{"rendered":"https:\/\/piermaua.rio\/?page_id=4967"},"modified":"2024-04-09T18:17:04","modified_gmt":"2024-04-09T21:17:04","slug":"blog","status":"publish","type":"page","link":"https:\/\/piermaua.rio\/es\/blog\/","title":{"rendered":"Blog"},"content":{"rendered":"<div data-elementor-type=\"wp-page\" data-elementor-id=\"4967\" class=\"elementor elementor-4967\" data-elementor-post-type=\"page\">\n\t\t\t\t\t\t<section class=\"elementor-section elementor-top-section elementor-element elementor-element-d8b65f1 elementor-section-content-middle elementor-section-boxed elementor-section-height-default elementor-section-height-default\" data-id=\"d8b65f1\" data-element_type=\"section\" data-e-type=\"section\" data-settings=\"{&quot;background_background&quot;:&quot;classic&quot;}\">\n\t\t\t\t\t\t\t<div class=\"elementor-background-overlay\"><\/div>\n\t\t\t\t\t\t\t<div class=\"elementor-container elementor-column-gap-wider\">\n\t\t\t\t\t<div class=\"elementor-column elementor-col-100 elementor-top-column elementor-element elementor-element-51e3212\" data-id=\"51e3212\" data-element_type=\"column\" data-e-type=\"column\">\n\t\t\t<div class=\"elementor-widget-wrap elementor-element-populated\">\n\t\t\t\t\t\t<div class=\"elementor-element elementor-element-77e2175 elementor-grid-3 elementor-grid-tablet-2 elementor-grid-mobile-1 elementor-posts--thumbnail-top elementor-card-shadow-yes elementor-posts__hover-gradient load-more-align-center elementor-widget elementor-widget-posts\" data-id=\"77e2175\" data-element_type=\"widget\" data-e-type=\"widget\" data-settings=\"{&quot;cards_row_gap&quot;:{&quot;unit&quot;:&quot;px&quot;,&quot;size&quot;:30,&quot;sizes&quot;:[]},&quot;pagination_type&quot;:&quot;load_more_on_click&quot;,&quot;cards_columns&quot;:&quot;3&quot;,&quot;cards_columns_tablet&quot;:&quot;2&quot;,&quot;cards_columns_mobile&quot;:&quot;1&quot;,&quot;cards_row_gap_tablet&quot;:{&quot;unit&quot;:&quot;px&quot;,&quot;size&quot;:&quot;&quot;,&quot;sizes&quot;:[]},&quot;cards_row_gap_mobile&quot;:{&quot;unit&quot;:&quot;px&quot;,&quot;size&quot;:&quot;&quot;,&quot;sizes&quot;:[]},&quot;load_more_spinner&quot;:{&quot;value&quot;:&quot;fas fa-spinner&quot;,&quot;library&quot;:&quot;fa-solid&quot;}}\" data-widget_type=\"posts.cards\">\n\t\t\t\t<div class=\"elementor-widget-container\">\n\t\t\t\t\t\t\t<div class=\"elementor-posts-container elementor-posts elementor-posts--skin-cards elementor-grid\" role=\"list\">\n\t\t\t\t<article class=\"elementor-post elementor-grid-item post-29434 post type-post status-publish format-standard has-post-thumbnail hentry category-cruzeiros\" role=\"listitem\">\n\t\t\t<div class=\"elementor-post__card\">\n\t\t\t\t<a class=\"elementor-post__thumbnail__link\" href=\"https:\/\/piermaua.rio\/es\/eri-johnson-embarca-nos-cruzeiros-musicais-com-a-estreia-de-o-som-dos-oceanos\/\" tabindex=\"-1\" ><div class=\"elementor-post__thumbnail\"><img fetchpriority=\"high\" decoding=\"async\" width=\"300\" height=\"169\" src=\"https:\/\/piermaua.rio\/wp-content\/uploads\/2025\/12\/eri-johnson-comanda-nova-atracao-dominical-da-band-11202_800x450-300x169.webp\" class=\"attachment-medium size-medium wp-image-29435\" alt=\"\" srcset=\"https:\/\/piermaua.rio\/wp-content\/uploads\/2025\/12\/eri-johnson-comanda-nova-atracao-dominical-da-band-11202_800x450-300x169.webp 300w, https:\/\/piermaua.rio\/wp-content\/uploads\/2025\/12\/eri-johnson-comanda-nova-atracao-dominical-da-band-11202_800x450-150x84.webp 150w, https:\/\/piermaua.rio\/wp-content\/uploads\/2025\/12\/eri-johnson-comanda-nova-atracao-dominical-da-band-11202_800x450-768x432.webp 768w, https:\/\/piermaua.rio\/wp-content\/uploads\/2025\/12\/eri-johnson-comanda-nova-atracao-dominical-da-band-11202_800x450-18x10.webp 18w, https:\/\/piermaua.rio\/wp-content\/uploads\/2025\/12\/eri-johnson-comanda-nova-atracao-dominical-da-band-11202_800x450.webp 800w\" sizes=\"(max-width: 300px) 100vw, 300px\" \/><\/div><\/a>\n\t\t\t\t<div class=\"elementor-post__badge\">Cruceros<\/div>\n\t\t\t\t<div class=\"elementor-post__text\">\n\t\t\t\t<h3 class=\"elementor-post__title\">\n\t\t\t<a href=\"https:\/\/piermaua.rio\/es\/eri-johnson-embarca-nos-cruzeiros-musicais-com-a-estreia-de-o-som-dos-oceanos\/\" >\n\t\t\t\tEri Johnson se embarca en cruceros musicales con el estreno de \u2018The Sound of Oceans\u2019\t\t\t<\/a>\n\t\t<\/h3>\n\t\t\t\t<div class=\"elementor-post__excerpt\">\n\t\t\t<p>El programa se emite los domingos a las 22.00 horas, con conciertos y entrevistas exclusivas a grandes artistas brasile\u00f1os.<\/p>\n\t\t<\/div>\n\t\t\t\t<\/div>\n\t\t\t\t<div class=\"elementor-post__meta-data\">\n\t\t\t\t\t<span class=\"elementor-post-date\">\n\t\t\t02\/12\/2025\t\t<\/span>\n\t\t\t\t<\/div>\n\t\t\t\t\t<\/div>\n\t\t<\/article>\n\t\t\t\t<article class=\"elementor-post elementor-grid-item post-28863 post type-post status-publish format-standard has-post-thumbnail hentry category-eventos tag-inovacao-2 tag-networking tag-rio-innovation-week-2025 tag-riw25\" role=\"listitem\">\n\t\t\t<div class=\"elementor-post__card\">\n\t\t\t\t<a class=\"elementor-post__thumbnail__link\" href=\"https:\/\/piermaua.rio\/es\/rio-innovation-week-2025-o-maior-evento-de-inovacao-da-america-latina-esta-de-volta-ao-pier-maua\/\" tabindex=\"-1\" ><div class=\"elementor-post__thumbnail\"><img decoding=\"async\" width=\"300\" height=\"200\" src=\"https:\/\/piermaua.rio\/wp-content\/uploads\/2025\/08\/IMG_5810-1-300x200.jpeg\" class=\"attachment-medium size-medium wp-image-28870\" alt=\"\" srcset=\"https:\/\/piermaua.rio\/wp-content\/uploads\/2025\/08\/IMG_5810-1-300x200.jpeg 300w, https:\/\/piermaua.rio\/wp-content\/uploads\/2025\/08\/IMG_5810-1-1024x683.jpeg 1024w, https:\/\/piermaua.rio\/wp-content\/uploads\/2025\/08\/IMG_5810-1-150x100.jpeg 150w, https:\/\/piermaua.rio\/wp-content\/uploads\/2025\/08\/IMG_5810-1-768x512.jpeg 768w, https:\/\/piermaua.rio\/wp-content\/uploads\/2025\/08\/IMG_5810-1-18x12.jpeg 18w, https:\/\/piermaua.rio\/wp-content\/uploads\/2025\/08\/IMG_5810-1.jpeg 1080w\" sizes=\"(max-width: 300px) 100vw, 300px\" \/><\/div><\/a>\n\t\t\t\t<div class=\"elementor-post__badge\">Eventos<\/div>\n\t\t\t\t<div class=\"elementor-post__text\">\n\t\t\t\t<h3 class=\"elementor-post__title\">\n\t\t\t<a href=\"https:\/\/piermaua.rio\/es\/rio-innovation-week-2025-o-maior-evento-de-inovacao-da-america-latina-esta-de-volta-ao-pier-maua\/\" >\n\t\t\t\tRio Innovation Week 2025: \u00a1el mayor evento de innovaci\u00f3n de Am\u00e9rica Latina vuelve al Pier Mau\u00e1!\t\t\t<\/a>\n\t\t<\/h3>\n\t\t\t\t<div class=\"elementor-post__excerpt\">\n\t\t\t<p>Del 12 al 15 de agosto, el Muelle Mau\u00e1 volver\u00e1 a convertirse en el punto de encuentro de quienes piensan y viven el futuro. En su 4\u00aa edici\u00f3n, Rio Innovation<\/p>\n\t\t<\/div>\n\t\t\t\t<\/div>\n\t\t\t\t<div class=\"elementor-post__meta-data\">\n\t\t\t\t\t<span class=\"elementor-post-date\">\n\t\t\t05\/08\/2025\t\t<\/span>\n\t\t\t\t<\/div>\n\t\t\t\t\t<\/div>\n\t\t<\/article>\n\t\t\t\t<article class=\"elementor-post elementor-grid-item post-28756 post type-post status-publish format-standard has-post-thumbnail hentry category-eventos tag-chapadinhas-de-endorfina tag-eventos-fitness tag-eventos-no-rio tag-lifestyle tag-pier-maua\" role=\"listitem\">\n\t\t\t<div class=\"elementor-post__card\">\n\t\t\t\t<a class=\"elementor-post__thumbnail__link\" href=\"https:\/\/piermaua.rio\/es\/movimento-autocuidado-e-energia-la-em-cima-chapadinhas-de-endorfina-reune-1-500-mulheres-no-pier-maua\/\" tabindex=\"-1\" ><div class=\"elementor-post__thumbnail\"><img decoding=\"async\" width=\"225\" height=\"300\" src=\"https:\/\/piermaua.rio\/wp-content\/uploads\/2025\/07\/Foto-26-07-2025-08-50-03-225x300.jpeg\" class=\"attachment-medium size-medium wp-image-28758\" alt=\"\" srcset=\"https:\/\/piermaua.rio\/wp-content\/uploads\/2025\/07\/Foto-26-07-2025-08-50-03-225x300.jpeg 225w, https:\/\/piermaua.rio\/wp-content\/uploads\/2025\/07\/Foto-26-07-2025-08-50-03-768x1024.jpeg 768w, https:\/\/piermaua.rio\/wp-content\/uploads\/2025\/07\/Foto-26-07-2025-08-50-03-113x150.jpeg 113w, https:\/\/piermaua.rio\/wp-content\/uploads\/2025\/07\/Foto-26-07-2025-08-50-03-1152x1536.jpeg 1152w, https:\/\/piermaua.rio\/wp-content\/uploads\/2025\/07\/Foto-26-07-2025-08-50-03-1536x2048.jpeg 1536w, https:\/\/piermaua.rio\/wp-content\/uploads\/2025\/07\/Foto-26-07-2025-08-50-03-9x12.jpeg 9w, https:\/\/piermaua.rio\/wp-content\/uploads\/2025\/07\/Foto-26-07-2025-08-50-03-scaled.jpeg 1920w\" sizes=\"(max-width: 225px) 100vw, 225px\" \/><\/div><\/a>\n\t\t\t\t<div class=\"elementor-post__badge\">Eventos<\/div>\n\t\t\t\t<div class=\"elementor-post__text\">\n\t\t\t\t<h3 class=\"elementor-post__title\">\n\t\t\t<a href=\"https:\/\/piermaua.rio\/es\/movimento-autocuidado-e-energia-la-em-cima-chapadinhas-de-endorfina-reune-1-500-mulheres-no-pier-maua\/\" >\n\t\t\t\tMovimiento, autocuidado y mucha energ\u00eda: las Chapadas de Endorfinas re\u00fanen a 1.500 mujeres en el Muelle Mau\u00e1\t\t\t<\/a>\n\t\t<\/h3>\n\t\t\t\t<div class=\"elementor-post__excerpt\">\n\t\t\t<p>Con vistas a la bah\u00eda de Guanabara, Armaz\u00e9m 3 acogi\u00f3 el pasado s\u00e1bado 26 de julio una ma\u00f1ana de bienestar con danza, yoga y conexi\u00f3n femenina.<\/p>\n\t\t<\/div>\n\t\t\t\t<\/div>\n\t\t\t\t<div class=\"elementor-post__meta-data\">\n\t\t\t\t\t<span class=\"elementor-post-date\">\n\t\t\t29\/07\/2025\t\t<\/span>\n\t\t\t\t<\/div>\n\t\t\t\t\t<\/div>\n\t\t<\/article>\n\t\t\t\t<article class=\"elementor-post elementor-grid-item post-28649 post type-post status-publish format-standard has-post-thumbnail hentry category-art tag-pier-maua tag-porto-maravilha tag-programa-reviver-centro tag-revitalizacao-do-porto\" role=\"listitem\">\n\t\t\t<div class=\"elementor-post__card\">\n\t\t\t\t<a class=\"elementor-post__thumbnail__link\" href=\"https:\/\/piermaua.rio\/es\/porto-maravilha-a-nova-vitrine-do-rio-e-o-pulso-do-desenvolvimento-urbano\/\" tabindex=\"-1\" ><div class=\"elementor-post__thumbnail\"><img loading=\"lazy\" decoding=\"async\" width=\"300\" height=\"169\" src=\"https:\/\/piermaua.rio\/wp-content\/uploads\/2025\/06\/Foto-21-01-2025-05-07-13-300x169.jpeg\" class=\"attachment-medium size-medium wp-image-28653\" alt=\"\" srcset=\"https:\/\/piermaua.rio\/wp-content\/uploads\/2025\/06\/Foto-21-01-2025-05-07-13-300x169.jpeg 300w, https:\/\/piermaua.rio\/wp-content\/uploads\/2025\/06\/Foto-21-01-2025-05-07-13-1024x576.jpeg 1024w, https:\/\/piermaua.rio\/wp-content\/uploads\/2025\/06\/Foto-21-01-2025-05-07-13-150x84.jpeg 150w, https:\/\/piermaua.rio\/wp-content\/uploads\/2025\/06\/Foto-21-01-2025-05-07-13-768x432.jpeg 768w, https:\/\/piermaua.rio\/wp-content\/uploads\/2025\/06\/Foto-21-01-2025-05-07-13-1536x864.jpeg 1536w, https:\/\/piermaua.rio\/wp-content\/uploads\/2025\/06\/Foto-21-01-2025-05-07-13-2048x1152.jpeg 2048w, https:\/\/piermaua.rio\/wp-content\/uploads\/2025\/06\/Foto-21-01-2025-05-07-13-18x10.jpeg 18w\" sizes=\"(max-width: 300px) 100vw, 300px\" \/><\/div><\/a>\n\t\t\t\t<div class=\"elementor-post__badge\">arte<\/div>\n\t\t\t\t<div class=\"elementor-post__text\">\n\t\t\t\t<h3 class=\"elementor-post__title\">\n\t\t\t<a href=\"https:\/\/piermaua.rio\/es\/porto-maravilha-a-nova-vitrine-do-rio-e-o-pulso-do-desenvolvimento-urbano\/\" >\n\t\t\t\tPorto Maravilha: el nuevo escaparate de R\u00edo y el pulso del desarrollo urbano\t\t\t<\/a>\n\t\t<\/h3>\n\t\t\t\t<div class=\"elementor-post__excerpt\">\n\t\t\t<p>La transformaci\u00f3n de Porto Maravilha no es s\u00f3lo un proyecto urban\u00edstico, es una realidad que se impone a la fuerza. Desde que comenz\u00f3 la Operaci\u00f3n Urbana del Consorcio en 2009, el compromiso de<\/p>\n\t\t<\/div>\n\t\t\t\t<\/div>\n\t\t\t\t<div class=\"elementor-post__meta-data\">\n\t\t\t\t\t<span class=\"elementor-post-date\">\n\t\t\t25\/06\/2025\t\t<\/span>\n\t\t\t\t<\/div>\n\t\t\t\t\t<\/div>\n\t\t<\/article>\n\t\t\t\t<article class=\"elementor-post elementor-grid-item post-28646 post type-post status-publish format-standard has-post-thumbnail hentry category-art tag-circuito-rio-de-cores tag-orgulho-lgbtqiapn tag-pier-maua\" role=\"listitem\">\n\t\t\t<div class=\"elementor-post__card\">\n\t\t\t\t<a class=\"elementor-post__thumbnail__link\" href=\"https:\/\/piermaua.rio\/es\/guindastes-do-pier-maua-ganham-cores-do-orgulho-lgbti-em-apoio-ao-circuito-rio-de-cores-2025\/\" tabindex=\"-1\" ><div class=\"elementor-post__thumbnail\"><img loading=\"lazy\" decoding=\"async\" width=\"300\" height=\"200\" src=\"https:\/\/piermaua.rio\/wp-content\/uploads\/2025\/06\/PRO3964-300x200.jpeg\" class=\"attachment-medium size-medium wp-image-28647\" alt=\"\" srcset=\"https:\/\/piermaua.rio\/wp-content\/uploads\/2025\/06\/PRO3964-300x200.jpeg 300w, https:\/\/piermaua.rio\/wp-content\/uploads\/2025\/06\/PRO3964-1024x683.jpeg 1024w, https:\/\/piermaua.rio\/wp-content\/uploads\/2025\/06\/PRO3964-150x100.jpeg 150w, https:\/\/piermaua.rio\/wp-content\/uploads\/2025\/06\/PRO3964-768x512.jpeg 768w, https:\/\/piermaua.rio\/wp-content\/uploads\/2025\/06\/PRO3964-1536x1024.jpeg 1536w, https:\/\/piermaua.rio\/wp-content\/uploads\/2025\/06\/PRO3964-2048x1365.jpeg 2048w, https:\/\/piermaua.rio\/wp-content\/uploads\/2025\/06\/PRO3964-18x12.jpeg 18w\" sizes=\"(max-width: 300px) 100vw, 300px\" \/><\/div><\/a>\n\t\t\t\t<div class=\"elementor-post__badge\">arte<\/div>\n\t\t\t\t<div class=\"elementor-post__text\">\n\t\t\t\t<h3 class=\"elementor-post__title\">\n\t\t\t<a href=\"https:\/\/piermaua.rio\/es\/guindastes-do-pier-maua-ganham-cores-do-orgulho-lgbti-em-apoio-ao-circuito-rio-de-cores-2025\/\" >\n\t\t\t\tLas gr\u00faas del Muelle Mau\u00e1 se visten con los colores del orgullo LGBTI+ en apoyo al Circuito R\u00edo de Cores 2025\t\t\t<\/a>\n\t\t<\/h3>\n\t\t\t\t<div class=\"elementor-post__excerpt\">\n\t\t\t<p>Las instalaciones hist\u00f3ricas de la zona portuaria se iluminar\u00e1n durante el mes de junio, reforzando el compromiso del Muelle Mau\u00e1 con la diversidad y la inclusi\u00f3n El Muelle Mau\u00e1 participa en la 5\u00aa edici\u00f3n de la Semana de la Diversidad.<\/p>\n\t\t<\/div>\n\t\t\t\t<\/div>\n\t\t\t\t<div class=\"elementor-post__meta-data\">\n\t\t\t\t\t<span class=\"elementor-post-date\">\n\t\t\t21\/06\/2025\t\t<\/span>\n\t\t\t\t<\/div>\n\t\t\t\t\t<\/div>\n\t\t<\/article>\n\t\t\t\t<article class=\"elementor-post elementor-grid-item post-28509 post type-post status-publish format-standard has-post-thumbnail hentry category-eventos tag-cerave-awards tag-eventos-no-pier-maua tag-pier-maua\" role=\"listitem\">\n\t\t\t<div class=\"elementor-post__card\">\n\t\t\t\t<a class=\"elementor-post__thumbnail__link\" href=\"https:\/\/piermaua.rio\/es\/pier-maua-recebe-cerave-awards-brasil-em-uma-noite-de-celebracao-a-beleza-diversidade-e-inovacao\/\" tabindex=\"-1\" ><div class=\"elementor-post__thumbnail\"><img loading=\"lazy\" decoding=\"async\" width=\"240\" height=\"300\" src=\"https:\/\/piermaua.rio\/wp-content\/uploads\/2025\/06\/IMG_4028-240x300.jpeg\" class=\"attachment-medium size-medium wp-image-28514\" alt=\"\" srcset=\"https:\/\/piermaua.rio\/wp-content\/uploads\/2025\/06\/IMG_4028-240x300.jpeg 240w, https:\/\/piermaua.rio\/wp-content\/uploads\/2025\/06\/IMG_4028-820x1024.jpeg 820w, https:\/\/piermaua.rio\/wp-content\/uploads\/2025\/06\/IMG_4028-120x150.jpeg 120w, https:\/\/piermaua.rio\/wp-content\/uploads\/2025\/06\/IMG_4028-768x959.jpeg 768w, https:\/\/piermaua.rio\/wp-content\/uploads\/2025\/06\/IMG_4028-10x12.jpeg 10w, https:\/\/piermaua.rio\/wp-content\/uploads\/2025\/06\/IMG_4028.jpeg 1080w\" sizes=\"(max-width: 240px) 100vw, 240px\" \/><\/div><\/a>\n\t\t\t\t<div class=\"elementor-post__badge\">Eventos<\/div>\n\t\t\t\t<div class=\"elementor-post__text\">\n\t\t\t\t<h3 class=\"elementor-post__title\">\n\t\t\t<a href=\"https:\/\/piermaua.rio\/es\/pier-maua-recebe-cerave-awards-brasil-em-uma-noite-de-celebracao-a-beleza-diversidade-e-inovacao\/\" >\n\t\t\t\tPier Mau\u00e1 acoge los Premios CeraVe Brasil en una velada que celebra la belleza, la diversidad y la innovaci\u00f3n\t\t\t<\/a>\n\t\t<\/h3>\n\t\t\t\t<div class=\"elementor-post__excerpt\">\n\t\t\t<p>El 29 de mayo, el Pier Mau\u00e1 se transform\u00f3 en un escenario vibrante y tecnol\u00f3gico para acoger los Premios CeraVe Brasil, la versi\u00f3n nacional de la tradicional ceremonia de entrega de premios que se celebra cada a\u00f1o.<\/p>\n\t\t<\/div>\n\t\t\t\t<\/div>\n\t\t\t\t<div class=\"elementor-post__meta-data\">\n\t\t\t\t\t<span class=\"elementor-post-date\">\n\t\t\t02\/06\/2025\t\t<\/span>\n\t\t\t\t<\/div>\n\t\t\t\t\t<\/div>\n\t\t<\/article>\n\t\t\t\t<article class=\"elementor-post elementor-grid-item post-28285 post type-post status-publish format-standard has-post-thumbnail hentry category-cruzeiros tag-cruzeiros-tematicos tag-pier-maua tag-temporada-de-cruzeiros-2025-2026\" role=\"listitem\">\n\t\t\t<div class=\"elementor-post__card\">\n\t\t\t\t<a class=\"elementor-post__thumbnail__link\" href=\"https:\/\/piermaua.rio\/es\/confira-as-novidades-que-vao-rolar-na-temporada-de-cruzeiros-2025-2026\/\" tabindex=\"-1\" ><div class=\"elementor-post__thumbnail\"><img loading=\"lazy\" decoding=\"async\" width=\"300\" height=\"169\" src=\"https:\/\/piermaua.rio\/wp-content\/uploads\/2025\/05\/Foto-08-01-2025-10-00-42-300x169.jpeg\" class=\"attachment-medium size-medium wp-image-28290\" alt=\"\" srcset=\"https:\/\/piermaua.rio\/wp-content\/uploads\/2025\/05\/Foto-08-01-2025-10-00-42-300x169.jpeg 300w, https:\/\/piermaua.rio\/wp-content\/uploads\/2025\/05\/Foto-08-01-2025-10-00-42-1024x576.jpeg 1024w, https:\/\/piermaua.rio\/wp-content\/uploads\/2025\/05\/Foto-08-01-2025-10-00-42-150x84.jpeg 150w, https:\/\/piermaua.rio\/wp-content\/uploads\/2025\/05\/Foto-08-01-2025-10-00-42-768x432.jpeg 768w, https:\/\/piermaua.rio\/wp-content\/uploads\/2025\/05\/Foto-08-01-2025-10-00-42-1536x864.jpeg 1536w, https:\/\/piermaua.rio\/wp-content\/uploads\/2025\/05\/Foto-08-01-2025-10-00-42-2048x1152.jpeg 2048w, https:\/\/piermaua.rio\/wp-content\/uploads\/2025\/05\/Foto-08-01-2025-10-00-42-18x10.jpeg 18w\" sizes=\"(max-width: 300px) 100vw, 300px\" \/><\/div><\/a>\n\t\t\t\t<div class=\"elementor-post__badge\">Cruceros<\/div>\n\t\t\t\t<div class=\"elementor-post__text\">\n\t\t\t\t<h3 class=\"elementor-post__title\">\n\t\t\t<a href=\"https:\/\/piermaua.rio\/es\/confira-as-novidades-que-vao-rolar-na-temporada-de-cruzeiros-2025-2026\/\" >\n\t\t\t\tNovedades para la temporada de cruceros 2025\/2026\t\t\t<\/a>\n\t\t<\/h3>\n\t\t\t\t<div class=\"elementor-post__excerpt\">\n\t\t\t<p>La temporada de cruceros 2025\/2026 ya est\u00e1 confirmada y promete mover el Muelle Mau\u00e1 con la llegada de imponentes buques, variados itinerarios y experiencias inolvidables. Compa\u00f1\u00edas como MSC Cruceros y<\/p>\n\t\t<\/div>\n\t\t\t\t<\/div>\n\t\t\t\t<div class=\"elementor-post__meta-data\">\n\t\t\t\t\t<span class=\"elementor-post-date\">\n\t\t\t07\/05\/2025\t\t<\/span>\n\t\t\t\t<\/div>\n\t\t\t\t\t<\/div>\n\t\t<\/article>\n\t\t\t\t<article class=\"elementor-post elementor-grid-item post-28211 post type-post status-publish format-standard has-post-thumbnail hentry category-cruzeiros tag-cruzeiros-internacionais tag-cruzeiros-no-pier-maua tag-cruzeiros-no-rio-de-janeiro tag-pier-maua tag-temporada-brasileira-de-cruzeiros-2024-2025 tag-terminal-de-cruzeiros-do-rio-de-janeiro tag-turismo-no-rio\" role=\"listitem\">\n\t\t\t<div class=\"elementor-post__card\">\n\t\t\t\t<a class=\"elementor-post__thumbnail__link\" href=\"https:\/\/piermaua.rio\/es\/pier-maua-encerra-temporada-de-cruzeiros-com-mais-de-327-mil-turistas\/\" tabindex=\"-1\" ><div class=\"elementor-post__thumbnail\"><img loading=\"lazy\" decoding=\"async\" width=\"300\" height=\"169\" src=\"https:\/\/piermaua.rio\/wp-content\/uploads\/2025\/04\/Foto-08-02-2025-07-09-05-300x169.jpeg\" class=\"attachment-medium size-medium wp-image-28219\" alt=\"\" srcset=\"https:\/\/piermaua.rio\/wp-content\/uploads\/2025\/04\/Foto-08-02-2025-07-09-05-300x169.jpeg 300w, https:\/\/piermaua.rio\/wp-content\/uploads\/2025\/04\/Foto-08-02-2025-07-09-05-1024x576.jpeg 1024w, https:\/\/piermaua.rio\/wp-content\/uploads\/2025\/04\/Foto-08-02-2025-07-09-05-150x84.jpeg 150w, https:\/\/piermaua.rio\/wp-content\/uploads\/2025\/04\/Foto-08-02-2025-07-09-05-768x432.jpeg 768w, https:\/\/piermaua.rio\/wp-content\/uploads\/2025\/04\/Foto-08-02-2025-07-09-05-1536x864.jpeg 1536w, https:\/\/piermaua.rio\/wp-content\/uploads\/2025\/04\/Foto-08-02-2025-07-09-05-2048x1152.jpeg 2048w, https:\/\/piermaua.rio\/wp-content\/uploads\/2025\/04\/Foto-08-02-2025-07-09-05-18x10.jpeg 18w\" sizes=\"(max-width: 300px) 100vw, 300px\" \/><\/div><\/a>\n\t\t\t\t<div class=\"elementor-post__badge\">Cruceros<\/div>\n\t\t\t\t<div class=\"elementor-post__text\">\n\t\t\t\t<h3 class=\"elementor-post__title\">\n\t\t\t<a href=\"https:\/\/piermaua.rio\/es\/pier-maua-encerra-temporada-de-cruzeiros-com-mais-de-327-mil-turistas\/\" >\n\t\t\t\tEl muelle Mau\u00e1 cierra la temporada de cruceros con m\u00e1s de 327.000 veraneantes\t\t\t<\/a>\n\t\t<\/h3>\n\t\t\t\t<div class=\"elementor-post__excerpt\">\n\t\t\t<p>El muelle Mau\u00e1 cerr\u00f3 su temporada de cruceros 2024\/2025 el 21 de abril y ya se echa de menos. M\u00e1s de 327.000 visitantes pasaron por la terminal. Desde el mes pasado<\/p>\n\t\t<\/div>\n\t\t\t\t<\/div>\n\t\t\t\t<div class=\"elementor-post__meta-data\">\n\t\t\t\t\t<span class=\"elementor-post-date\">\n\t\t\t22\/04\/2025\t\t<\/span>\n\t\t\t\t<\/div>\n\t\t\t\t\t<\/div>\n\t\t<\/article>\n\t\t\t\t<article class=\"elementor-post elementor-grid-item post-28204 post type-post status-publish format-standard has-post-thumbnail hentry category-art tag-dicas-culturais tag-feriadao-no-rj tag-pier-maua-2\" role=\"listitem\">\n\t\t\t<div class=\"elementor-post__card\">\n\t\t\t\t<a class=\"elementor-post__thumbnail__link\" href=\"https:\/\/piermaua.rio\/es\/feriadao-chegou-aproveite-o-melhor-da-zona-portuaria\/\" tabindex=\"-1\" ><div class=\"elementor-post__thumbnail\"><img loading=\"lazy\" decoding=\"async\" width=\"285\" height=\"300\" src=\"https:\/\/piermaua.rio\/wp-content\/uploads\/2025\/04\/IMG_8185-285x300.jpeg\" class=\"attachment-medium size-medium wp-image-28207\" alt=\"\" srcset=\"https:\/\/piermaua.rio\/wp-content\/uploads\/2025\/04\/IMG_8185-285x300.jpeg 285w, https:\/\/piermaua.rio\/wp-content\/uploads\/2025\/04\/IMG_8185-142x150.jpeg 142w, https:\/\/piermaua.rio\/wp-content\/uploads\/2025\/04\/IMG_8185-11x12.jpeg 11w, https:\/\/piermaua.rio\/wp-content\/uploads\/2025\/04\/IMG_8185.jpeg 720w\" sizes=\"(max-width: 285px) 100vw, 285px\" \/><\/div><\/a>\n\t\t\t\t<div class=\"elementor-post__badge\">arte<\/div>\n\t\t\t\t<div class=\"elementor-post__text\">\n\t\t\t\t<h3 class=\"elementor-post__title\">\n\t\t\t<a href=\"https:\/\/piermaua.rio\/es\/feriadao-chegou-aproveite-o-melhor-da-zona-portuaria\/\" >\n\t\t\t\t\u00a1Las vacaciones ya est\u00e1n aqu\u00ed! \u00a1Disfruta de lo mejor de la Zona Portuaria!\t\t\t<\/a>\n\t\t<\/h3>\n\t\t\t\t<div class=\"elementor-post__excerpt\">\n\t\t\t<p>R\u00edo de Janeiro est\u00e1 lleno de encantos, y la Zona Portuaria se ha consolidado como uno de los destinos m\u00e1s vibrantes de la ciudad. Si piensa disfrutar de las vacaciones<\/p>\n\t\t<\/div>\n\t\t\t\t<\/div>\n\t\t\t\t<div class=\"elementor-post__meta-data\">\n\t\t\t\t\t<span class=\"elementor-post-date\">\n\t\t\t18\/04\/2025\t\t<\/span>\n\t\t\t\t<\/div>\n\t\t\t\t\t<\/div>\n\t\t<\/article>\n\t\t\t\t<\/div>\n\t\t\t\t\t<span class=\"e-load-more-spinner\">\n\t\t\t\t<i aria-hidden=\"true\" class=\"fas fa-spinner\"><\/i>\t\t\t<\/span>\n\t\t\n\t\t\t\t<div class=\"e-load-more-anchor\" data-page=\"1\" data-max-page=\"3\" data-next-page=\"https:\/\/piermaua.rio\/es\/wp-json\/wp\/v2\/pages\/4967\/page\/2\/\"><\/div>\n\t\t\t\t<div class=\"elementor-button-wrapper\">\n\t\t\t<a class=\"elementor-button elementor-size-sm\" role=\"button\">\n\t\t\t\t\t\t<span class=\"elementor-button-content-wrapper\">\n\t\t\t\t\t\t\t\t\t<span class=\"elementor-button-text\">CARGA M\u00c1S<\/span>\n\t\t\t\t\t<\/span>\n\t\t\t\t\t<\/a>\n\t\t<\/div>\n\t\t\t\t<div class=\"e-load-more-message\"><\/div>\n\t\t\t\t\t\t<\/div>\n\t\t\t\t<\/div>\n\t\t\t\t\t<\/div>\n\t\t<\/div>\n\t\t\t\t\t<\/div>\n\t\t<\/section>\n\t\t\t\t<\/div>","protected":false},"excerpt":{"rendered":"","protected":false},"author":1,"featured_media":171,"parent":0,"menu_order":0,"comment_status":"closed","ping_status":"closed","template":"","meta":{"_acf_changed":false,"footnotes":""},"class_list":["post-4967","page","type-page","status-publish","has-post-thumbnail","hentry"],"acf":[],"_links":{"self":[{"href":"https:\/\/piermaua.rio\/es\/wp-json\/wp\/v2\/pages\/4967","targetHints":{"allow":["GET"]}}],"collection":[{"href":"https:\/\/piermaua.rio\/es\/wp-json\/wp\/v2\/pages"}],"about":[{"href":"https:\/\/piermaua.rio\/es\/wp-json\/wp\/v2\/types\/page"}],"author":[{"embeddable":true,"href":"https:\/\/piermaua.rio\/es\/wp-json\/wp\/v2\/users\/1"}],"replies":[{"embeddable":true,"href":"https:\/\/piermaua.rio\/es\/wp-json\/wp\/v2\/comments?post=4967"}],"version-history":[{"count":0,"href":"https:\/\/piermaua.rio\/es\/wp-json\/wp\/v2\/pages\/4967\/revisions"}],"wp:featuredmedia":[{"embeddable":true,"href":"https:\/\/piermaua.rio\/es\/wp-json\/wp\/v2\/media\/171"}],"wp:attachment":[{"href":"https:\/\/piermaua.rio\/es\/wp-json\/wp\/v2\/media?parent=4967"}],"curies":[{"name":"wp","href":"https:\/\/api.w.org\/{rel}","templated":true}]}}