{"id":541,"date":"2024-03-19T09:26:31","date_gmt":"2024-03-19T12:26:31","guid":{"rendered":"https:\/\/piermaua.rio\/?page_id=541"},"modified":"2025-10-06T20:55:52","modified_gmt":"2025-10-06T23:55:52","slug":"documentacao","status":"publish","type":"page","link":"https:\/\/piermaua.rio\/es\/documentacao\/","title":{"rendered":"Documentaci\u00f3n"},"content":{"rendered":"<div data-elementor-type=\"wp-page\" data-elementor-id=\"541\" class=\"elementor elementor-541\" data-elementor-post-type=\"page\">\n\t\t\t\t\t\t<section class=\"elementor-section elementor-top-section elementor-element elementor-element-d8b65f1 elementor-section-content-middle elementor-section-boxed elementor-section-height-default elementor-section-height-default\" data-id=\"d8b65f1\" data-element_type=\"section\" data-e-type=\"section\" data-settings=\"{&quot;background_background&quot;:&quot;classic&quot;}\">\n\t\t\t\t\t\t\t<div class=\"elementor-background-overlay\"><\/div>\n\t\t\t\t\t\t\t<div class=\"elementor-container elementor-column-gap-wider\">\n\t\t\t\t\t<div class=\"elementor-column elementor-col-100 elementor-top-column elementor-element elementor-element-51e3212\" data-id=\"51e3212\" data-element_type=\"column\" data-e-type=\"column\">\n\t\t\t<div class=\"elementor-widget-wrap elementor-element-populated\">\n\t\t\t\t\t\t<div class=\"elementor-element elementor-element-78f0578 elementor-widget elementor-widget-heading\" data-id=\"78f0578\" data-element_type=\"widget\" data-e-type=\"widget\" data-widget_type=\"heading.default\">\n\t\t\t\t<div class=\"elementor-widget-container\">\n\t\t\t\t\t<span class=\"elementor-heading-title elementor-size-default\">Documentaci\u00f3n para viajes nacionales e internacionales.<\/span>\t\t\t\t<\/div>\n\t\t\t\t<\/div>\n\t\t\t\t<div class=\"elementor-element elementor-element-8f96296 elementor-widget elementor-widget-heading\" data-id=\"8f96296\" data-element_type=\"widget\" data-e-type=\"widget\" data-widget_type=\"heading.default\">\n\t\t\t\t<div class=\"elementor-widget-container\">\n\t\t\t\t\t<h2 class=\"elementor-heading-title elementor-size-default\">TERMINAL DE CRUCEROS MUELLE MAU\u00c1<\/h2>\t\t\t\t<\/div>\n\t\t\t\t<\/div>\n\t\t\t\t<div class=\"elementor-element elementor-element-376a143 elementor-widget elementor-widget-text-editor\" data-id=\"376a143\" data-element_type=\"widget\" data-e-type=\"widget\" data-widget_type=\"text-editor.default\">\n\t\t\t\t<div class=\"elementor-widget-container\">\n\t\t\t\t\t\t\t\t\t<p>Para garantizar un viaje tranquilo y cumpliendo con todos los requisitos y criterios de las leyes federales, Pier Mau\u00e1 proporciona informaci\u00f3n importante y enlaces sobre la documentaci\u00f3n necesaria para abordar cruceros. Pueden ser consultados ampliamente en los sitios web de la Polic\u00eda Federal, Itamaraty, Planalto y Justicia Federal.<\/p><p>Es importante que todos los pasajeros presenten un documento original, en buen estado y con fotograf\u00eda que coincida con la apariencia actual de la persona. Recomendamos que el documento tenga menos de 10 a\u00f1os. Est\u00e1 prohibido por ley que los pasajeros embarquen con copias de documentos (fotograf\u00edas), incluso si est\u00e1n autenticados.<\/p><p>Autorizaci\u00f3n de Alojamiento \u2013 Para los menores de edad que viajar\u00e1n sin la compa\u00f1\u00eda de sus tutores, adem\u00e1s de la autorizaci\u00f3n de viaje, es necesario presentar autorizaci\u00f3n de alojamiento, de conformidad con el art\u00edculo 250, de la Ley n\u00ba 8.069, de 13 de julio de 1990. La autorizaci\u00f3n es Imprescindible para viajes nacionales e internacionales.<\/p><p>\u2013 Acceder a la web del Poder Judicial para consultar documentaci\u00f3n para menores<br \/><a href=\"http:\/\/www.tjsp.jus.br\/Download\/CoordenadoriaInfanciaJuventude\/pdf\/AutorizacaoViagemMenor\/AutorizacaoViagemMenorEsclarecimentos.pdf\">http:\/\/www.tjsp.jus.br\/Download\/CoordenadoriaInfanciaJuventude\/pdf\/AutorizacaoViagemMenor\/AutorizacaoViagemMenorEsclarecimentos.pdf<\/a><\/p><p><strong>LE RECOMENDAMOS QUE CONSULTE CON LA COMPA\u00d1\u00cdA NAVIERA LA DOCUMENTACI\u00d3N NECESARIA PARA SU CRUCERO, YA QUE PUEDE CAMBIAR EN FUNCI\u00d3N DEL ITINERARIO.<\/strong><\/p>\t\t\t\t\t\t\t\t<\/div>\n\t\t\t\t<\/div>\n\t\t\t\t\t<\/div>\n\t\t<\/div>\n\t\t\t\t\t<\/div>\n\t\t<\/section>\n\t\t\t\t<\/div>","protected":false},"excerpt":{"rendered":"<p>Documenta\u00e7\u00e3o para viagens nacionais e internacionais TERMINAL DE CRUZEIROS DO PIER MAU\u00c1 Para garantir uma viagem tranquila e em conformidade com todas as exig\u00eancias e crit\u00e9rios de leis federais, o [&hellip;]<\/p>\n","protected":false},"author":1,"featured_media":171,"parent":0,"menu_order":0,"comment_status":"closed","ping_status":"closed","template":"","meta":{"_acf_changed":false,"footnotes":""},"class_list":["post-541","page","type-page","status-publish","has-post-thumbnail","hentry"],"acf":[],"_links":{"self":[{"href":"https:\/\/piermaua.rio\/es\/wp-json\/wp\/v2\/pages\/541","targetHints":{"allow":["GET"]}}],"collection":[{"href":"https:\/\/piermaua.rio\/es\/wp-json\/wp\/v2\/pages"}],"about":[{"href":"https:\/\/piermaua.rio\/es\/wp-json\/wp\/v2\/types\/page"}],"author":[{"embeddable":true,"href":"https:\/\/piermaua.rio\/es\/wp-json\/wp\/v2\/users\/1"}],"replies":[{"embeddable":true,"href":"https:\/\/piermaua.rio\/es\/wp-json\/wp\/v2\/comments?post=541"}],"version-history":[{"count":6,"href":"https:\/\/piermaua.rio\/es\/wp-json\/wp\/v2\/pages\/541\/revisions"}],"predecessor-version":[{"id":29324,"href":"https:\/\/piermaua.rio\/es\/wp-json\/wp\/v2\/pages\/541\/revisions\/29324"}],"wp:featuredmedia":[{"embeddable":true,"href":"https:\/\/piermaua.rio\/es\/wp-json\/wp\/v2\/media\/171"}],"wp:attachment":[{"href":"https:\/\/piermaua.rio\/es\/wp-json\/wp\/v2\/media?parent=541"}],"curies":[{"name":"wp","href":"https:\/\/api.w.org\/{rel}","templated":true}]}}