{"id":554,"date":"2024-03-19T09:53:02","date_gmt":"2024-03-19T12:53:02","guid":{"rendered":"https:\/\/piermaua.rio\/?page_id=554"},"modified":"2024-04-09T13:42:10","modified_gmt":"2024-04-09T16:42:10","slug":"sobre-eventos","status":"publish","type":"page","link":"https:\/\/piermaua.rio\/es\/sobre-eventos\/","title":{"rendered":"Acerca de los eventos"},"content":{"rendered":"<div data-elementor-type=\"wp-page\" data-elementor-id=\"554\" class=\"elementor elementor-554\" data-elementor-post-type=\"page\">\n\t\t\t\t\t\t<section class=\"elementor-section elementor-top-section elementor-element elementor-element-d8b65f1 elementor-section-content-middle elementor-section-boxed elementor-section-height-default elementor-section-height-default\" data-id=\"d8b65f1\" data-element_type=\"section\" data-e-type=\"section\" data-settings=\"{&quot;background_background&quot;:&quot;classic&quot;}\">\n\t\t\t\t\t\t\t<div class=\"elementor-background-overlay\"><\/div>\n\t\t\t\t\t\t\t<div class=\"elementor-container elementor-column-gap-wider\">\n\t\t\t\t\t<div class=\"elementor-column elementor-col-100 elementor-top-column elementor-element elementor-element-51e3212\" data-id=\"51e3212\" data-element_type=\"column\" data-e-type=\"column\">\n\t\t\t<div class=\"elementor-widget-wrap elementor-element-populated\">\n\t\t\t\t\t\t<div class=\"elementor-element elementor-element-8f96296 elementor-widget elementor-widget-heading\" data-id=\"8f96296\" data-element_type=\"widget\" data-e-type=\"widget\" data-widget_type=\"heading.default\">\n\t\t\t\t<div class=\"elementor-widget-container\">\n\t\t\t\t\t<h2 class=\"elementor-heading-title elementor-size-default\">LOS MEJORES EVENTOS EN R\u00cdO<\/h2>\t\t\t\t<\/div>\n\t\t\t\t<\/div>\n\t\t\t\t<div class=\"elementor-element elementor-element-97f4ada elementor-widget elementor-widget-heading\" data-id=\"97f4ada\" data-element_type=\"widget\" data-e-type=\"widget\" data-widget_type=\"heading.default\">\n\t\t\t\t<div class=\"elementor-widget-container\">\n\t\t\t\t\t<span class=\"elementor-heading-title elementor-size-default\">Comienza eligiendo una de las vistas m\u00e1s hermosas de la ciudad.<\/span>\t\t\t\t<\/div>\n\t\t\t\t<\/div>\n\t\t\t\t<div class=\"elementor-element elementor-element-4dd1d8f elementor-widget elementor-widget-text-editor\" data-id=\"4dd1d8f\" data-element_type=\"widget\" data-e-type=\"widget\" data-widget_type=\"text-editor.default\">\n\t\t\t\t<div class=\"elementor-widget-container\">\n\t\t\t\t\t\t\t\t\t<p>El gran escenario de la escena carioca<\/p><p>Renovados con el objetivo de albergar y promover m\u00faltiples eventos, los Armaz\u00e9ns do Pier Mau\u00e1 son los \u00fanicos espacios en R\u00edo de Janeiro que permiten el uso combinado de \u00e1reas interiores y exteriores. Los balcones son una extensi\u00f3n de los almacenes y ofrecen una vista completa de la Bah\u00eda de Guanabara y del Puente Rio-Niter\u00f3i.<\/p><p>Los espacios centenarios catalogados por el Instituto del Patrimonio Hist\u00f3rico y Art\u00edstico Nacional (IPHAN) albergan las mejores opciones culturales y de entretenimiento de la ciudad, adem\u00e1s de atraer empresas que buscan comodidad para hacer negocios y la ubicaci\u00f3n perfecta para sus actividades. Un evento que tiene lugar en el Pier Mau\u00e1 se asocia inmediatamente a la nueva imagen de un R\u00edo de Janeiro exitoso, que comienza a redescubrir su centro urbano.<\/p><p>Los almacenes est\u00e1n climatizados y cuentan con toda la infraestructura el\u00e9ctrica, hidr\u00e1ulica y ambiental para garantizar el \u00e9xito de cualquier iniciativa. El lugar apuesta por la diversidad y ha acogido una amplia variedad de eventos: espect\u00e1culos, festivales, eventos deportivos, sociales y corporativos, ferias, exposiciones, obras de teatro y musicales.<\/p><p>Pier Mau\u00e1 tiene muchos espacios y rincones agradables que pueden ser recreados por la imaginaci\u00f3n de escen\u00f3grafos y decoradores. Tu evento ser\u00e1 perfecto, con la lujosa colaboraci\u00f3n de Bah\u00eda de Guanabara.<\/p><p>\u00a1Cont\u00e1ctanos para programar tu visita!<\/p>\t\t\t\t\t\t\t\t<\/div>\n\t\t\t\t<\/div>\n\t\t\t\t<div class=\"elementor-element elementor-element-c574092 elementor-mobile-align-center elementor-widget elementor-widget-button\" data-id=\"c574092\" data-element_type=\"widget\" data-e-type=\"widget\" data-widget_type=\"button.default\">\n\t\t\t\t<div class=\"elementor-widget-container\">\n\t\t\t\t\t\t\t\t\t<div class=\"elementor-button-wrapper\">\n\t\t\t\t\t<a class=\"elementor-button elementor-button-link elementor-size-sm\" href=\"https:\/\/piermaua.rio\/es\/faca-seu-evento\/\">\n\t\t\t\t\t\t<span class=\"elementor-button-content-wrapper\">\n\t\t\t\t\t\t\t\t\t<span class=\"elementor-button-text\">\u00a1TENGA SU EVENTO EN EL MUELLE!<\/span>\n\t\t\t\t\t<\/span>\n\t\t\t\t\t<\/a>\n\t\t\t\t<\/div>\n\t\t\t\t\t\t\t\t<\/div>\n\t\t\t\t<\/div>\n\t\t\t\t\t<\/div>\n\t\t<\/div>\n\t\t\t\t\t<\/div>\n\t\t<\/section>\n\t\t\t\t<section class=\"elementor-section elementor-top-section elementor-element elementor-element-cbd5b32 elementor-section-boxed elementor-section-height-default elementor-section-height-default\" data-id=\"cbd5b32\" data-element_type=\"section\" data-e-type=\"section\" data-settings=\"{&quot;background_background&quot;:&quot;classic&quot;}\">\n\t\t\t\t\t\t<div class=\"elementor-container elementor-column-gap-default\">\n\t\t\t\t\t<div class=\"elementor-column elementor-col-100 elementor-top-column elementor-element elementor-element-5b1c28a\" data-id=\"5b1c28a\" data-element_type=\"column\" data-e-type=\"column\">\n\t\t\t<div class=\"elementor-widget-wrap elementor-element-populated\">\n\t\t\t\t\t\t<div class=\"elementor-element elementor-element-03fcc52 gallery-spacing-custom elementor-widget elementor-widget-image-gallery\" data-id=\"03fcc52\" data-element_type=\"widget\" data-e-type=\"widget\" data-widget_type=\"image-gallery.default\">\n\t\t\t\t<div class=\"elementor-widget-container\">\n\t\t\t\t\t\t\t<div class=\"elementor-image-gallery\">\n\t\t\t<div id='gallery-1' class='gallery galleryid-554 gallery-columns-4 gallery-size-full'><figure class='gallery-item'>\n\t\t\t<div class='gallery-icon landscape'>\n\t\t\t\t<a data-elementor-open-lightbox=\"yes\" data-elementor-lightbox-slideshow=\"03fcc52\" data-elementor-lightbox-title=\"ArtRio-2013-7-1024x683-1024x683\" data-e-action-hash=\"#elementor-action%3Aaction%3Dlightbox%26settings%3DeyJpZCI6NTY1LCJ1cmwiOiJodHRwczpcL1wvcGllcm1hdWEucmlvXC93cC1jb250ZW50XC91cGxvYWRzXC8yMDI0XC8wM1wvQXJ0UmlvLTIwMTMtNy0xMDI0eDY4My0xMDI0eDY4My0xLmpwZWciLCJzbGlkZXNob3ciOiIwM2ZjYzUyIn0%3D\" href='https:\/\/piermaua.rio\/wp-content\/uploads\/2024\/03\/ArtRio-2013-7-1024x683-1024x683-1.jpeg'><img fetchpriority=\"high\" width=\"1024\" height=\"683\" src=\"https:\/\/piermaua.rio\/wp-content\/uploads\/2024\/03\/ArtRio-2013-7-1024x683-1024x683-1.jpeg\" class=\"attachment-full size-full\" alt=\"\" decoding=\"async\" srcset=\"https:\/\/piermaua.rio\/wp-content\/uploads\/2024\/03\/ArtRio-2013-7-1024x683-1024x683-1.jpeg 1024w, https:\/\/piermaua.rio\/wp-content\/uploads\/2024\/03\/ArtRio-2013-7-1024x683-1024x683-1-300x200.jpeg 300w, https:\/\/piermaua.rio\/wp-content\/uploads\/2024\/03\/ArtRio-2013-7-1024x683-1024x683-1-150x100.jpeg 150w, https:\/\/piermaua.rio\/wp-content\/uploads\/2024\/03\/ArtRio-2013-7-1024x683-1024x683-1-768x512.jpeg 768w\" sizes=\"(max-width: 1024px) 100vw, 1024px\" \/><\/a>\n\t\t\t<\/div><\/figure><figure class='gallery-item'>\n\t\t\t<div class='gallery-icon landscape'>\n\t\t\t\t<a data-elementor-open-lightbox=\"yes\" data-elementor-lightbox-slideshow=\"03fcc52\" data-elementor-lightbox-title=\"ArtRio-2014-8-1024x649\" data-e-action-hash=\"#elementor-action%3Aaction%3Dlightbox%26settings%3DeyJpZCI6NTY2LCJ1cmwiOiJodHRwczpcL1wvcGllcm1hdWEucmlvXC93cC1jb250ZW50XC91cGxvYWRzXC8yMDI0XC8wM1wvQXJ0UmlvLTIwMTQtOC0xMDI0eDY0OS0xLmpwZWciLCJzbGlkZXNob3ciOiIwM2ZjYzUyIn0%3D\" href='https:\/\/piermaua.rio\/wp-content\/uploads\/2024\/03\/ArtRio-2014-8-1024x649-1.jpeg'><img width=\"1024\" height=\"649\" src=\"https:\/\/piermaua.rio\/wp-content\/uploads\/2024\/03\/ArtRio-2014-8-1024x649-1.jpeg\" class=\"attachment-full size-full\" alt=\"\" decoding=\"async\" srcset=\"https:\/\/piermaua.rio\/wp-content\/uploads\/2024\/03\/ArtRio-2014-8-1024x649-1.jpeg 1024w, https:\/\/piermaua.rio\/wp-content\/uploads\/2024\/03\/ArtRio-2014-8-1024x649-1-300x190.jpeg 300w, https:\/\/piermaua.rio\/wp-content\/uploads\/2024\/03\/ArtRio-2014-8-1024x649-1-150x95.jpeg 150w, https:\/\/piermaua.rio\/wp-content\/uploads\/2024\/03\/ArtRio-2014-8-1024x649-1-768x487.jpeg 768w\" sizes=\"(max-width: 1024px) 100vw, 1024px\" \/><\/a>\n\t\t\t<\/div><\/figure><figure class='gallery-item'>\n\t\t\t<div class='gallery-icon landscape'>\n\t\t\t\t<a data-elementor-open-lightbox=\"yes\" data-elementor-lightbox-slideshow=\"03fcc52\" data-elementor-lightbox-title=\"eventos_01\" data-e-action-hash=\"#elementor-action%3Aaction%3Dlightbox%26settings%3DeyJpZCI6NTY3LCJ1cmwiOiJodHRwczpcL1wvcGllcm1hdWEucmlvXC93cC1jb250ZW50XC91cGxvYWRzXC8yMDI0XC8wM1wvZXZlbnRvc18wMS5qcGVnIiwic2xpZGVzaG93IjoiMDNmY2M1MiJ9\" href='https:\/\/piermaua.rio\/wp-content\/uploads\/2024\/03\/eventos_01.jpeg'><img width=\"960\" height=\"817\" src=\"https:\/\/piermaua.rio\/wp-content\/uploads\/2024\/03\/eventos_01.jpeg\" class=\"attachment-full size-full\" alt=\"\" decoding=\"async\" srcset=\"https:\/\/piermaua.rio\/wp-content\/uploads\/2024\/03\/eventos_01.jpeg 960w, https:\/\/piermaua.rio\/wp-content\/uploads\/2024\/03\/eventos_01-300x255.jpeg 300w, https:\/\/piermaua.rio\/wp-content\/uploads\/2024\/03\/eventos_01-150x128.jpeg 150w, https:\/\/piermaua.rio\/wp-content\/uploads\/2024\/03\/eventos_01-768x654.jpeg 768w\" sizes=\"(max-width: 960px) 100vw, 960px\" \/><\/a>\n\t\t\t<\/div><\/figure><figure class='gallery-item'>\n\t\t\t<div class='gallery-icon landscape'>\n\t\t\t\t<a data-elementor-open-lightbox=\"yes\" data-elementor-lightbox-slideshow=\"03fcc52\" data-elementor-lightbox-title=\"eventos_03-1024x575\" data-e-action-hash=\"#elementor-action%3Aaction%3Dlightbox%26settings%3DeyJpZCI6NTY4LCJ1cmwiOiJodHRwczpcL1wvcGllcm1hdWEucmlvXC93cC1jb250ZW50XC91cGxvYWRzXC8yMDI0XC8wM1wvZXZlbnRvc18wMy0xMDI0eDU3NS0xLmpwZWciLCJzbGlkZXNob3ciOiIwM2ZjYzUyIn0%3D\" href='https:\/\/piermaua.rio\/wp-content\/uploads\/2024\/03\/eventos_03-1024x575-1.jpeg'><img loading=\"lazy\" width=\"1024\" height=\"575\" src=\"https:\/\/piermaua.rio\/wp-content\/uploads\/2024\/03\/eventos_03-1024x575-1.jpeg\" class=\"attachment-full size-full\" alt=\"\" decoding=\"async\" srcset=\"https:\/\/piermaua.rio\/wp-content\/uploads\/2024\/03\/eventos_03-1024x575-1.jpeg 1024w, https:\/\/piermaua.rio\/wp-content\/uploads\/2024\/03\/eventos_03-1024x575-1-300x168.jpeg 300w, https:\/\/piermaua.rio\/wp-content\/uploads\/2024\/03\/eventos_03-1024x575-1-150x84.jpeg 150w, https:\/\/piermaua.rio\/wp-content\/uploads\/2024\/03\/eventos_03-1024x575-1-768x431.jpeg 768w\" sizes=\"(max-width: 1024px) 100vw, 1024px\" \/><\/a>\n\t\t\t<\/div><\/figure><figure class='gallery-item'>\n\t\t\t<div class='gallery-icon landscape'>\n\t\t\t\t<a data-elementor-open-lightbox=\"yes\" data-elementor-lightbox-slideshow=\"03fcc52\" data-elementor-lightbox-title=\"eventos_04-1024x576\" data-e-action-hash=\"#elementor-action%3Aaction%3Dlightbox%26settings%3DeyJpZCI6NTY5LCJ1cmwiOiJodHRwczpcL1wvcGllcm1hdWEucmlvXC93cC1jb250ZW50XC91cGxvYWRzXC8yMDI0XC8wM1wvZXZlbnRvc18wNC0xMDI0eDU3Ni0xLmpwZWciLCJzbGlkZXNob3ciOiIwM2ZjYzUyIn0%3D\" href='https:\/\/piermaua.rio\/wp-content\/uploads\/2024\/03\/eventos_04-1024x576-1.jpeg'><img loading=\"lazy\" width=\"1024\" height=\"576\" src=\"https:\/\/piermaua.rio\/wp-content\/uploads\/2024\/03\/eventos_04-1024x576-1.jpeg\" class=\"attachment-full size-full\" alt=\"\" decoding=\"async\" srcset=\"https:\/\/piermaua.rio\/wp-content\/uploads\/2024\/03\/eventos_04-1024x576-1.jpeg 1024w, https:\/\/piermaua.rio\/wp-content\/uploads\/2024\/03\/eventos_04-1024x576-1-300x169.jpeg 300w, https:\/\/piermaua.rio\/wp-content\/uploads\/2024\/03\/eventos_04-1024x576-1-150x84.jpeg 150w, https:\/\/piermaua.rio\/wp-content\/uploads\/2024\/03\/eventos_04-1024x576-1-768x432.jpeg 768w\" sizes=\"(max-width: 1024px) 100vw, 1024px\" \/><\/a>\n\t\t\t<\/div><\/figure><figure class='gallery-item'>\n\t\t\t<div class='gallery-icon landscape'>\n\t\t\t\t<a data-elementor-open-lightbox=\"yes\" data-elementor-lightbox-slideshow=\"03fcc52\" data-elementor-lightbox-title=\"eventos_05-1024x576\" data-e-action-hash=\"#elementor-action%3Aaction%3Dlightbox%26settings%3DeyJpZCI6NTcwLCJ1cmwiOiJodHRwczpcL1wvcGllcm1hdWEucmlvXC93cC1jb250ZW50XC91cGxvYWRzXC8yMDI0XC8wM1wvZXZlbnRvc18wNS0xMDI0eDU3Ni0xLmpwZWciLCJzbGlkZXNob3ciOiIwM2ZjYzUyIn0%3D\" href='https:\/\/piermaua.rio\/wp-content\/uploads\/2024\/03\/eventos_05-1024x576-1.jpeg'><img loading=\"lazy\" width=\"1024\" height=\"576\" src=\"https:\/\/piermaua.rio\/wp-content\/uploads\/2024\/03\/eventos_05-1024x576-1.jpeg\" class=\"attachment-full size-full\" alt=\"\" decoding=\"async\" srcset=\"https:\/\/piermaua.rio\/wp-content\/uploads\/2024\/03\/eventos_05-1024x576-1.jpeg 1024w, https:\/\/piermaua.rio\/wp-content\/uploads\/2024\/03\/eventos_05-1024x576-1-300x169.jpeg 300w, https:\/\/piermaua.rio\/wp-content\/uploads\/2024\/03\/eventos_05-1024x576-1-150x84.jpeg 150w, https:\/\/piermaua.rio\/wp-content\/uploads\/2024\/03\/eventos_05-1024x576-1-768x432.jpeg 768w\" sizes=\"(max-width: 1024px) 100vw, 1024px\" \/><\/a>\n\t\t\t<\/div><\/figure><figure class='gallery-item'>\n\t\t\t<div class='gallery-icon landscape'>\n\t\t\t\t<a data-elementor-open-lightbox=\"yes\" data-elementor-lightbox-slideshow=\"03fcc52\" data-elementor-lightbox-title=\"eventos_06\" data-e-action-hash=\"#elementor-action%3Aaction%3Dlightbox%26settings%3DeyJpZCI6NTcxLCJ1cmwiOiJodHRwczpcL1wvcGllcm1hdWEucmlvXC93cC1jb250ZW50XC91cGxvYWRzXC8yMDI0XC8wM1wvZXZlbnRvc18wNi5qcGVnIiwic2xpZGVzaG93IjoiMDNmY2M1MiJ9\" href='https:\/\/piermaua.rio\/wp-content\/uploads\/2024\/03\/eventos_06.jpeg'><img loading=\"lazy\" width=\"960\" height=\"641\" src=\"https:\/\/piermaua.rio\/wp-content\/uploads\/2024\/03\/eventos_06.jpeg\" class=\"attachment-full size-full\" alt=\"\" decoding=\"async\" srcset=\"https:\/\/piermaua.rio\/wp-content\/uploads\/2024\/03\/eventos_06.jpeg 960w, https:\/\/piermaua.rio\/wp-content\/uploads\/2024\/03\/eventos_06-300x200.jpeg 300w, https:\/\/piermaua.rio\/wp-content\/uploads\/2024\/03\/eventos_06-150x100.jpeg 150w, https:\/\/piermaua.rio\/wp-content\/uploads\/2024\/03\/eventos_06-768x513.jpeg 768w\" sizes=\"(max-width: 960px) 100vw, 960px\" \/><\/a>\n\t\t\t<\/div><\/figure><figure class='gallery-item'>\n\t\t\t<div class='gallery-icon landscape'>\n\t\t\t\t<a data-elementor-open-lightbox=\"yes\" data-elementor-lightbox-slideshow=\"03fcc52\" data-elementor-lightbox-title=\"eventos_07-1024x683\" data-e-action-hash=\"#elementor-action%3Aaction%3Dlightbox%26settings%3DeyJpZCI6NTcyLCJ1cmwiOiJodHRwczpcL1wvcGllcm1hdWEucmlvXC93cC1jb250ZW50XC91cGxvYWRzXC8yMDI0XC8wM1wvZXZlbnRvc18wNy0xMDI0eDY4My0xLmpwZWciLCJzbGlkZXNob3ciOiIwM2ZjYzUyIn0%3D\" href='https:\/\/piermaua.rio\/wp-content\/uploads\/2024\/03\/eventos_07-1024x683-1.jpeg'><img loading=\"lazy\" width=\"1024\" height=\"683\" src=\"https:\/\/piermaua.rio\/wp-content\/uploads\/2024\/03\/eventos_07-1024x683-1.jpeg\" class=\"attachment-full size-full\" alt=\"\" decoding=\"async\" srcset=\"https:\/\/piermaua.rio\/wp-content\/uploads\/2024\/03\/eventos_07-1024x683-1.jpeg 1024w, https:\/\/piermaua.rio\/wp-content\/uploads\/2024\/03\/eventos_07-1024x683-1-300x200.jpeg 300w, https:\/\/piermaua.rio\/wp-content\/uploads\/2024\/03\/eventos_07-1024x683-1-150x100.jpeg 150w, https:\/\/piermaua.rio\/wp-content\/uploads\/2024\/03\/eventos_07-1024x683-1-768x512.jpeg 768w\" sizes=\"(max-width: 1024px) 100vw, 1024px\" \/><\/a>\n\t\t\t<\/div><\/figure><figure class='gallery-item'>\n\t\t\t<div class='gallery-icon landscape'>\n\t\t\t\t<a data-elementor-open-lightbox=\"yes\" data-elementor-lightbox-slideshow=\"03fcc52\" data-elementor-lightbox-title=\"eventos_08\" data-e-action-hash=\"#elementor-action%3Aaction%3Dlightbox%26settings%3DeyJpZCI6NTczLCJ1cmwiOiJodHRwczpcL1wvcGllcm1hdWEucmlvXC93cC1jb250ZW50XC91cGxvYWRzXC8yMDI0XC8wM1wvZXZlbnRvc18wOC5qcGVnIiwic2xpZGVzaG93IjoiMDNmY2M1MiJ9\" href='https:\/\/piermaua.rio\/wp-content\/uploads\/2024\/03\/eventos_08.jpeg'><img loading=\"lazy\" width=\"980\" height=\"653\" src=\"https:\/\/piermaua.rio\/wp-content\/uploads\/2024\/03\/eventos_08.jpeg\" class=\"attachment-full size-full\" alt=\"\" decoding=\"async\" srcset=\"https:\/\/piermaua.rio\/wp-content\/uploads\/2024\/03\/eventos_08.jpeg 980w, https:\/\/piermaua.rio\/wp-content\/uploads\/2024\/03\/eventos_08-300x200.jpeg 300w, https:\/\/piermaua.rio\/wp-content\/uploads\/2024\/03\/eventos_08-150x100.jpeg 150w, https:\/\/piermaua.rio\/wp-content\/uploads\/2024\/03\/eventos_08-768x512.jpeg 768w\" sizes=\"(max-width: 980px) 100vw, 980px\" \/><\/a>\n\t\t\t<\/div><\/figure><figure class='gallery-item'>\n\t\t\t<div class='gallery-icon landscape'>\n\t\t\t\t<a data-elementor-open-lightbox=\"yes\" data-elementor-lightbox-slideshow=\"03fcc52\" data-elementor-lightbox-title=\"eventos_09\" data-e-action-hash=\"#elementor-action%3Aaction%3Dlightbox%26settings%3DeyJpZCI6NTc0LCJ1cmwiOiJodHRwczpcL1wvcGllcm1hdWEucmlvXC93cC1jb250ZW50XC91cGxvYWRzXC8yMDI0XC8wM1wvZXZlbnRvc18wOS5qcGVnIiwic2xpZGVzaG93IjoiMDNmY2M1MiJ9\" href='https:\/\/piermaua.rio\/wp-content\/uploads\/2024\/03\/eventos_09.jpeg'><img loading=\"lazy\" width=\"1000\" height=\"667\" src=\"https:\/\/piermaua.rio\/wp-content\/uploads\/2024\/03\/eventos_09.jpeg\" class=\"attachment-full size-full\" alt=\"\" decoding=\"async\" srcset=\"https:\/\/piermaua.rio\/wp-content\/uploads\/2024\/03\/eventos_09.jpeg 1000w, https:\/\/piermaua.rio\/wp-content\/uploads\/2024\/03\/eventos_09-300x200.jpeg 300w, https:\/\/piermaua.rio\/wp-content\/uploads\/2024\/03\/eventos_09-150x100.jpeg 150w, https:\/\/piermaua.rio\/wp-content\/uploads\/2024\/03\/eventos_09-768x512.jpeg 768w\" sizes=\"(max-width: 1000px) 100vw, 1000px\" \/><\/a>\n\t\t\t<\/div><\/figure><figure class='gallery-item'>\n\t\t\t<div class='gallery-icon landscape'>\n\t\t\t\t<a data-elementor-open-lightbox=\"yes\" data-elementor-lightbox-slideshow=\"03fcc52\" data-elementor-lightbox-title=\"eventos_10-1024x576\" data-e-action-hash=\"#elementor-action%3Aaction%3Dlightbox%26settings%3DeyJpZCI6NTc1LCJ1cmwiOiJodHRwczpcL1wvcGllcm1hdWEucmlvXC93cC1jb250ZW50XC91cGxvYWRzXC8yMDI0XC8wM1wvZXZlbnRvc18xMC0xMDI0eDU3Ni0xLmpwZWciLCJzbGlkZXNob3ciOiIwM2ZjYzUyIn0%3D\" href='https:\/\/piermaua.rio\/wp-content\/uploads\/2024\/03\/eventos_10-1024x576-1.jpeg'><img loading=\"lazy\" width=\"1024\" height=\"576\" src=\"https:\/\/piermaua.rio\/wp-content\/uploads\/2024\/03\/eventos_10-1024x576-1.jpeg\" class=\"attachment-full size-full\" alt=\"\" decoding=\"async\" srcset=\"https:\/\/piermaua.rio\/wp-content\/uploads\/2024\/03\/eventos_10-1024x576-1.jpeg 1024w, https:\/\/piermaua.rio\/wp-content\/uploads\/2024\/03\/eventos_10-1024x576-1-300x169.jpeg 300w, https:\/\/piermaua.rio\/wp-content\/uploads\/2024\/03\/eventos_10-1024x576-1-150x84.jpeg 150w, https:\/\/piermaua.rio\/wp-content\/uploads\/2024\/03\/eventos_10-1024x576-1-768x432.jpeg 768w\" sizes=\"(max-width: 1024px) 100vw, 1024px\" \/><\/a>\n\t\t\t<\/div><\/figure><figure class='gallery-item'>\n\t\t\t<div class='gallery-icon landscape'>\n\t\t\t\t<a data-elementor-open-lightbox=\"yes\" data-elementor-lightbox-slideshow=\"03fcc52\" data-elementor-lightbox-title=\"eventos_12\" data-e-action-hash=\"#elementor-action%3Aaction%3Dlightbox%26settings%3DeyJpZCI6NTc2LCJ1cmwiOiJodHRwczpcL1wvcGllcm1hdWEucmlvXC93cC1jb250ZW50XC91cGxvYWRzXC8yMDI0XC8wM1wvZXZlbnRvc18xMi5qcGVnIiwic2xpZGVzaG93IjoiMDNmY2M1MiJ9\" href='https:\/\/piermaua.rio\/wp-content\/uploads\/2024\/03\/eventos_12.jpeg'><img loading=\"lazy\" width=\"1000\" height=\"667\" src=\"https:\/\/piermaua.rio\/wp-content\/uploads\/2024\/03\/eventos_12.jpeg\" class=\"attachment-full size-full\" alt=\"\" decoding=\"async\" srcset=\"https:\/\/piermaua.rio\/wp-content\/uploads\/2024\/03\/eventos_12.jpeg 1000w, https:\/\/piermaua.rio\/wp-content\/uploads\/2024\/03\/eventos_12-300x200.jpeg 300w, https:\/\/piermaua.rio\/wp-content\/uploads\/2024\/03\/eventos_12-150x100.jpeg 150w, https:\/\/piermaua.rio\/wp-content\/uploads\/2024\/03\/eventos_12-768x512.jpeg 768w\" sizes=\"(max-width: 1000px) 100vw, 1000px\" \/><\/a>\n\t\t\t<\/div><\/figure><figure class='gallery-item'>\n\t\t\t<div class='gallery-icon landscape'>\n\t\t\t\t<a data-elementor-open-lightbox=\"yes\" data-elementor-lightbox-slideshow=\"03fcc52\" data-elementor-lightbox-title=\"Pactual-2-1024x576\" data-e-action-hash=\"#elementor-action%3Aaction%3Dlightbox%26settings%3DeyJpZCI6NTc3LCJ1cmwiOiJodHRwczpcL1wvcGllcm1hdWEucmlvXC93cC1jb250ZW50XC91cGxvYWRzXC8yMDI0XC8wM1wvUGFjdHVhbC0yLTEwMjR4NTc2LTEuanBlZyIsInNsaWRlc2hvdyI6IjAzZmNjNTIifQ%3D%3D\" href='https:\/\/piermaua.rio\/wp-content\/uploads\/2024\/03\/Pactual-2-1024x576-1.jpeg'><img loading=\"lazy\" width=\"1024\" height=\"576\" src=\"https:\/\/piermaua.rio\/wp-content\/uploads\/2024\/03\/Pactual-2-1024x576-1.jpeg\" class=\"attachment-full size-full\" alt=\"\" decoding=\"async\" srcset=\"https:\/\/piermaua.rio\/wp-content\/uploads\/2024\/03\/Pactual-2-1024x576-1.jpeg 1024w, https:\/\/piermaua.rio\/wp-content\/uploads\/2024\/03\/Pactual-2-1024x576-1-300x169.jpeg 300w, https:\/\/piermaua.rio\/wp-content\/uploads\/2024\/03\/Pactual-2-1024x576-1-150x84.jpeg 150w, https:\/\/piermaua.rio\/wp-content\/uploads\/2024\/03\/Pactual-2-1024x576-1-768x432.jpeg 768w\" sizes=\"(max-width: 1024px) 100vw, 1024px\" \/><\/a>\n\t\t\t<\/div><\/figure><figure class='gallery-item'>\n\t\t\t<div class='gallery-icon landscape'>\n\t\t\t\t<a data-elementor-open-lightbox=\"yes\" data-elementor-lightbox-slideshow=\"03fcc52\" data-elementor-lightbox-title=\"Rio-20-3\" data-e-action-hash=\"#elementor-action%3Aaction%3Dlightbox%26settings%3DeyJpZCI6NTc4LCJ1cmwiOiJodHRwczpcL1wvcGllcm1hdWEucmlvXC93cC1jb250ZW50XC91cGxvYWRzXC8yMDI0XC8wM1wvUmlvLTIwLTMuanBlZyIsInNsaWRlc2hvdyI6IjAzZmNjNTIifQ%3D%3D\" href='https:\/\/piermaua.rio\/wp-content\/uploads\/2024\/03\/Rio-20-3.jpeg'><img loading=\"lazy\" width=\"864\" height=\"576\" src=\"https:\/\/piermaua.rio\/wp-content\/uploads\/2024\/03\/Rio-20-3.jpeg\" class=\"attachment-full size-full\" alt=\"\" decoding=\"async\" srcset=\"https:\/\/piermaua.rio\/wp-content\/uploads\/2024\/03\/Rio-20-3.jpeg 864w, https:\/\/piermaua.rio\/wp-content\/uploads\/2024\/03\/Rio-20-3-300x200.jpeg 300w, https:\/\/piermaua.rio\/wp-content\/uploads\/2024\/03\/Rio-20-3-150x100.jpeg 150w, https:\/\/piermaua.rio\/wp-content\/uploads\/2024\/03\/Rio-20-3-768x512.jpeg 768w\" sizes=\"(max-width: 864px) 100vw, 864px\" \/><\/a>\n\t\t\t<\/div><\/figure>\n\t\t<\/div>\n\t\t<\/div>\n\t\t\t\t\t\t<\/div>\n\t\t\t\t<\/div>\n\t\t\t\t\t<\/div>\n\t\t<\/div>\n\t\t\t\t\t<\/div>\n\t\t<\/section>\n\t\t\t\t<\/div>","protected":false},"excerpt":{"rendered":"<p>OS MELHORES EVENTOS DO RIO j\u00e1 come\u00e7am escolhendo uma das vistas mais lindas da cidade. O Grande palco da cena carioca Reformados com o intuito de receber e promover eventos [&hellip;]<\/p>\n","protected":false},"author":1,"featured_media":171,"parent":0,"menu_order":0,"comment_status":"closed","ping_status":"closed","template":"","meta":{"_acf_changed":false,"footnotes":""},"class_list":["post-554","page","type-page","status-publish","has-post-thumbnail","hentry"],"acf":[],"_links":{"self":[{"href":"https:\/\/piermaua.rio\/es\/wp-json\/wp\/v2\/pages\/554","targetHints":{"allow":["GET"]}}],"collection":[{"href":"https:\/\/piermaua.rio\/es\/wp-json\/wp\/v2\/pages"}],"about":[{"href":"https:\/\/piermaua.rio\/es\/wp-json\/wp\/v2\/types\/page"}],"author":[{"embeddable":true,"href":"https:\/\/piermaua.rio\/es\/wp-json\/wp\/v2\/users\/1"}],"replies":[{"embeddable":true,"href":"https:\/\/piermaua.rio\/es\/wp-json\/wp\/v2\/comments?post=554"}],"version-history":[{"count":0,"href":"https:\/\/piermaua.rio\/es\/wp-json\/wp\/v2\/pages\/554\/revisions"}],"wp:featuredmedia":[{"embeddable":true,"href":"https:\/\/piermaua.rio\/es\/wp-json\/wp\/v2\/media\/171"}],"wp:attachment":[{"href":"https:\/\/piermaua.rio\/es\/wp-json\/wp\/v2\/media?parent=554"}],"curies":[{"name":"wp","href":"https:\/\/api.w.org\/{rel}","templated":true}]}}