{"id":26175,"date":"2024-05-07T09:51:56","date_gmt":"2024-05-07T12:51:56","guid":{"rendered":"https:\/\/piermaua.rio\/?page_id=26175"},"modified":"2024-05-07T09:53:51","modified_gmt":"2024-05-07T12:53:51","slug":"politica-de-privacidade","status":"publish","type":"page","link":"https:\/\/piermaua.rio\/fr\/politica-de-privacidade\/","title":{"rendered":"politique de confidentialit\u00e9"},"content":{"rendered":"<div data-elementor-type=\"wp-page\" data-elementor-id=\"26175\" class=\"elementor elementor-26175\" data-elementor-post-type=\"page\">\n\t\t\t\t\t\t<section class=\"elementor-section elementor-top-section elementor-element elementor-element-699981b elementor-section-boxed elementor-section-height-default elementor-section-height-default\" data-id=\"699981b\" data-element_type=\"section\" data-e-type=\"section\">\n\t\t\t\t\t\t<div class=\"elementor-container elementor-column-gap-default\">\n\t\t\t\t\t<div class=\"elementor-column elementor-col-100 elementor-top-column elementor-element elementor-element-5a589f0\" data-id=\"5a589f0\" data-element_type=\"column\" data-e-type=\"column\">\n\t\t\t<div class=\"elementor-widget-wrap elementor-element-populated\">\n\t\t\t\t\t\t<div class=\"elementor-element elementor-element-89e964b elementor-widget elementor-widget-text-editor\" data-id=\"89e964b\" data-element_type=\"widget\" data-e-type=\"widget\" data-widget_type=\"text-editor.default\">\n\t\t\t\t<div class=\"elementor-widget-container\">\n\t\t\t\t\t\t\t\t\t<p><b>POLITIQUE DE CONFIDENTIALIT\u00c9\u00a0<\/b><\/p><p><span style=\"font-weight: 400;\">L'objectif de la politique de confidentialit\u00e9 de PIER MAU\u00c1 est de d\u00e9montrer l'engagement de l'organisation en faveur de la confidentialit\u00e9 et de la s\u00e9curit\u00e9 des donn\u00e9es \u00e0 caract\u00e8re personnel.<\/span><\/p><p><span style=\"font-weight: 400;\">Il informe sur la mani\u00e8re dont les donn\u00e9es personnelles seront trait\u00e9es et \u00e9limin\u00e9es, et veille \u00e0 ce que les informations ne soient pas fournies ou partag\u00e9es de mani\u00e8re inappropri\u00e9e, dans le respect de la l\u00e9gislation en vigueur et de la loi g\u00e9n\u00e9rale sur la protection des donn\u00e9es personnelles - LGPD (loi n\u00b0 13.709\/2018).<\/span><\/p><p><b>Ce site est exploit\u00e9 par Simples.net - Marketing Digital, qui s'engage \u00e0 respecter les dispositions de la LGPD.<\/b><\/p><p><span style=\"font-weight: 400;\">Outre ce site web, PIER MAU\u00c1 peut collecter des donn\u00e9es personnelles aupr\u00e8s de ses employ\u00e9s, clients, sous-traitants, visiteurs et partenaires par le biais d'autres r\u00e9seaux sociaux d'entreprise, ainsi que par un contact direct avec notre \u00e9quipe, exclusivement par le biais du courrier \u00e9lectronique d'entreprise.<\/span><\/p><p><span style=\"font-weight: 400;\">En acc\u00e9dant au site web de PIER MAU\u00c1 et en fournissant leurs donn\u00e9es personnelles, les utilisateurs prennent connaissance des dispositions de la pr\u00e9sente politique de confidentialit\u00e9, ainsi que de leurs droits en tant que d\u00e9tenteurs de donn\u00e9es personnelles.<\/span><\/p><p><span style=\"font-weight: 400;\">La politique de confidentialit\u00e9 relative aux employ\u00e9s de P\u00cdER MAU\u00c1 est trait\u00e9e dans les r\u00e8gles internes de l'entreprise.\u00a0<\/span><\/p><p><b>Aucun COOKIES n'est utilis\u00e9 pour acc\u00e9der au site web de PIER MAU\u00c1.<\/b><\/p><p><b>\u00a0<\/b><\/p><p><b>1. D\u00c9FINITIONS<\/b><\/p><p><b>Agents de traitement<\/b><span style=\"font-weight: 400;\">Les principaux personnages du RGPD sont le responsable du traitement et l'op\u00e9rateur. Le responsable du traitement est la personne physique ou morale, du secteur public ou priv\u00e9, qui a le pouvoir de d\u00e9cision sur le traitement des donn\u00e9es \u00e0 caract\u00e8re personnel. L'op\u00e9rateur, quant \u00e0 lui, est la personne physique ou morale, du secteur public ou priv\u00e9, qui traite les donn\u00e9es \u00e0 caract\u00e8re personnel pour le compte du responsable du traitement, c'est-\u00e0-dire selon ses instructions.<\/span><\/p><p><b>Personne concern\u00e9e<\/b><span style=\"font-weight: 400;\">La personne physique \u00e0 laquelle se rapportent les donn\u00e9es \u00e0 caract\u00e8re personnel trait\u00e9es.<\/span><\/p><p><b>D\u00e9tails personnels<\/b><span style=\"font-weight: 400;\">Le terme \"personne physique\" d\u00e9signe toute information permettant d'identifier directement et indirectement une personne physique, telle que le nom, le num\u00e9ro d'identification, les donn\u00e9es de localisation, l'identifiant \u00e9lectronique, un ou plusieurs facteurs li\u00e9s \u00e0 l'identit\u00e9 physique, psychologique, g\u00e9n\u00e9tique, mentale, \u00e9conomique, culturelle ou sociale de la personne physique.<\/span><\/p><p><b>Donn\u00e9es sensibles<\/b><span style=\"font-weight: 400;\">Les donn\u00e9es personnelles sont des informations qui r\u00e9v\u00e8lent l'origine raciale ou ethnique, les croyances religieuses ou philosophiques, les opinions politiques, l'appartenance syndicale, les questions g\u00e9n\u00e9tiques, les donn\u00e9es biom\u00e9triques et les informations relatives \u00e0 la sant\u00e9 ou \u00e0 la vie sexuelle d'une personne. Ce type de donn\u00e9es personnelles n\u00e9cessite une attention particuli\u00e8re, car il s'agit d'informations susceptibles de conduire \u00e0 une discrimination \u00e0 l'encontre de la personne concern\u00e9e. Les donn\u00e9es personnelles sensibles ne seront trait\u00e9es que dans les cas pr\u00e9vus par le RGPD.<\/span><\/p><p><b>Donn\u00e9es sur les enfants et les adolescents<\/b><span style=\"font-weight: 400;\">L'utilisation des donn\u00e9es relatives aux enfants et aux adolescents requiert \u00e9galement des pr\u00e9cautions suppl\u00e9mentaires ; elles ne seront trait\u00e9es que conform\u00e9ment \u00e0 la LGPD et lorsque cela est strictement n\u00e9cessaire. Selon le statut de l'enfant et de l'adolescent, un enfant est une personne \u00e2g\u00e9e de moins de 12 ans et un adolescent est une personne \u00e2g\u00e9e de 12 \u00e0 18 ans.<\/span><\/p><p><b>Traitement des donn\u00e9es<\/b><span style=\"font-weight: 400;\">toute op\u00e9ration ou tout ensemble d'op\u00e9rations effectu\u00e9es ou non \u00e0 l'aide de proc\u00e9d\u00e9s automatis\u00e9s et appliqu\u00e9es \u00e0 des donn\u00e9es ou des ensembles de donn\u00e9es \u00e0 caract\u00e8re personnel, telles que le catalogage, l'enregistrement, l'organisation, la structuration, la conservation, l'adaptation ou la modification, la collecte, la consultation, l'utilisation, la divulgation par transmission, la diffusion ou toute autre forme de mise \u00e0 disposition, le rapprochement, l'interconnexion, la limitation, l'effacement ou la destruction.<\/span><\/p><p><b>Base juridique (hypoth\u00e8se de traitement des donn\u00e9es)<\/b><span style=\"font-weight: 400;\">Il s'agit de la justification, sur la base du RGPD, du traitement des donn\u00e9es des personnes concern\u00e9es par le responsable du traitement. La l\u00e9gislation interdit la collecte et le traitement de donn\u00e9es pour lesquelles il n'existe aucune disposition l\u00e9gale dans la LGPD.<\/span><\/p><p>\u00a0<\/p><ol start=\"2\"><li><b> LA MANI\u00c8RE DONT LES DONN\u00c9ES \u00c0 CARACT\u00c8RE PERSONNEL SONT TRAIT\u00c9ES :<\/b><\/li><\/ol><p><b>Pier Mau\u00e1 website - EVENEMENTS et ANNONCES<\/b><\/p><p><span style=\"font-weight: 400;\">Les personnes concern\u00e9es sont les clients int\u00e9ress\u00e9s par les devis et la location d'un lieu pour des \u00e9v\u00e9nements, ou leurs repr\u00e9sentants.<\/span><\/p><p><span style=\"font-weight: 400;\">Les donn\u00e9es personnelles collect\u00e9es sont : le nom complet et l'adresse \u00e9lectronique.<\/span><\/p><p><span style=\"font-weight: 400;\">Ces donn\u00e9es seront collect\u00e9es \u00e0 des fins commerciales et seront conserv\u00e9es sur la base de l'hypoth\u00e8se de l'EX\u00c9CUTION DU CONTRAT (contrats en cours) et de l'EXERCICE R\u00c9GULIER DU DROIT (apr\u00e8s la fourniture du service par PIER MAU\u00c1).<\/span><\/p><p>\u00a0<\/p><p><b>Site web de Pier Mau\u00e1 - CONTACTS\u00a0<\/b><\/p><p><span style=\"font-weight: 400;\">Le site recueille \u00e9galement des donn\u00e9es sur les utilisateurs qui souhaitent proposer des services, des produits ou envoyer des CV.<\/span><\/p><p><span style=\"font-weight: 400;\">Les donn\u00e9es personnelles collect\u00e9es sont : le nom complet, la carte d'identit\u00e9, l'adresse \u00e9lectronique.\u00a0<\/span><\/p><p><span style=\"font-weight: 400;\">L'objectif de cette collecte est de tenir un registre de partenaires, de candidats potentiels ou de clients int\u00e9ress\u00e9s par diverses demandes.\u00a0\u00a0<\/span><\/p><p><span style=\"font-weight: 400;\">Toutes les informations collect\u00e9es sont transmises aux secteurs responsables et trait\u00e9es conform\u00e9ment \u00e0 la base juridique applicable \u00e0 chaque situation.<\/span><\/p><p>\u00a0<\/p><p><b>Embauche de prestataires de services\u00a0<\/b><\/p><p><span style=\"font-weight: 400;\">\u00a0Les personnes concern\u00e9es sont les repr\u00e9sentants et les partenaires des entreprises fournissant le service, ainsi que les responsables de PIER MAU\u00c1.<\/span><\/p><p><span style=\"font-weight: 400;\">L'objectif de la collecte et du traitement des donn\u00e9es est r\u00e9alis\u00e9 conform\u00e9ment aux \u00e9tapes :<\/span><\/p><ul><li style=\"font-weight: 400;\" aria-level=\"1\"><span style=\"font-weight: 400;\">lors de la formalisation de contrats de prestation de services et de location d'espaces pour des \u00e9v\u00e9nements ou des manifestations fixes. Les donn\u00e9es personnelles collect\u00e9es sont les suivantes : nom complet, CPF, e-mail, ID, adresse, \u00e9tat civil des repr\u00e9sentants du contractant et de la partie contractante (conseil d'administration et\/ou gestionnaires de PIER MAU\u00c1).\u00a0<\/span><\/li><li style=\"font-weight: 400;\" aria-level=\"1\"><span style=\"font-weight: 400;\">Lors de l'octroi de l'acc\u00e8s aux zones portuaires, les donn\u00e9es personnelles collect\u00e9es sont : le nom complet, le CPF, la carte d'identit\u00e9, la photo et les images vid\u00e9o. L'objectif de cette collecte de donn\u00e9es est d'assurer la s\u00e9curit\u00e9 du site et des personnes concern\u00e9es, ainsi que le respect de la l\u00e9gislation des autorit\u00e9s portuaires et de la police f\u00e9d\u00e9rale.<\/span><\/li><li style=\"font-weight: 400;\" aria-level=\"1\"><span style=\"font-weight: 400;\">dans le cadre de l'ex\u00e9cution et de la cl\u00f4ture du contrat, en particulier les exigences en mati\u00e8re de qualit\u00e9, de s\u00e9curit\u00e9 et de sant\u00e9 au travail. Les donn\u00e9es \u00e0 caract\u00e8re personnel comprennent : le nom complet, le CPF, la carte d'identit\u00e9, les images photo et vid\u00e9o, les examens professionnels, les preuves de qualification et de formation.<\/span><\/li><\/ul><p><span style=\"font-weight: 400;\">Lors de l'engagement de prestataires de services, la BASE JURIDIQUE est l'EX\u00c9CUTION DU CONTRAT (contrats en cours), l'EXERCICE R\u00c9GULIER DU DROIT (apr\u00e8s la fin du contrat), ainsi que le RESPECT DE L'OBLIGATION JURIDIQUE, en relation avec les exigences \u00e9ventuelles de tiers (l\u00e9gislation du travail, de la s\u00e9curit\u00e9 sociale et de la fiscalit\u00e9).<\/span><\/p><p>\u00a0<\/p><p><b>Audits de certification<\/b><\/p><p><span style=\"font-weight: 400;\">Les personnes concern\u00e9es sont les auditeurs, les directeurs de PIER MAU\u00c1 et d'autres personnes audit\u00e9es, dont les donn\u00e9es personnelles sont les suivantes : nom complet, adresse \u00e9lectronique, poste\/fonction.<\/span><\/p><p><span style=\"font-weight: 400;\">L'objectif des audits est de d\u00e9montrer le respect des processus et des exigences en mati\u00e8re de sant\u00e9 et de s\u00e9curit\u00e9 au travail, conform\u00e9ment aux normes techniques et juridiques du port.<\/span><\/p><p><span style=\"font-weight: 400;\">Les donn\u00e9es personnelles sont : le nom complet, l'adresse \u00e9lectronique, l'intitul\u00e9 de l'emploi\/le poste.<\/span><\/p><p><span style=\"font-weight: 400;\">Lors des audits de certification, la BASE JURIDIQUE est consid\u00e9r\u00e9e comme \u00e9tant le RESPECT D'UNE OBLIGATION JURIDIQUE.<\/span><\/p><p><br \/><br \/><\/p><p><b>DROITS DES PERSONNES CONCERN\u00c9ES<\/b><\/p><p><span style=\"font-weight: 400;\">Conform\u00e9ment au LGPG, toute personne concern\u00e9e par des donn\u00e9es \u00e0 caract\u00e8re personnel dispose des droits suivants en ce qui concerne la base de donn\u00e9es dont PIER MAU\u00c1 est responsable :<\/span><\/p><ul><li style=\"font-weight: 400;\" aria-level=\"1\"><span style=\"font-weight: 400;\">confirmer l'existence d'un traitement de donn\u00e9es de mani\u00e8re claire et objective ;<\/span><\/li><li style=\"font-weight: 400;\" aria-level=\"1\"><span style=\"font-weight: 400;\">l'acc\u00e8s \u00e0 leurs donn\u00e9es, en pouvant demander une copie sous forme physique ou num\u00e9rique, sans frais pour le propri\u00e9taire ;<\/span><\/li><li style=\"font-weight: 400;\" aria-level=\"1\"><span style=\"font-weight: 400;\">demander que vos donn\u00e9es soient corrig\u00e9es ou mises \u00e0 jour ;<\/span><\/li><li style=\"font-weight: 400;\" aria-level=\"1\"><span style=\"font-weight: 400;\">demander l'anonymisation ou l'effacement (DISPOSITION) de leurs donn\u00e9es, lorsque la base juridique est le CONSENTEMENT ou l'INT\u00c9R\u00caT L\u00c9GITIME. En fonction de l'analyse, la personne concern\u00e9e peut \u00e9galement demander \u00e0 \u00eatre supprim\u00e9e de la base de donn\u00e9es ;\u00a0<\/span><\/li><\/ul><p>\u00a0<\/p><p><b>LE PARTAGE DE DONN\u00c9ES \u00c0 CARACT\u00c8RE PERSONNEL :<\/b><\/p><p><span style=\"font-weight: 400;\">PIER MAU\u00c1 ne partage les donn\u00e9es personnelles avec des tiers que dans les cas suivants :<\/span><\/p><ul><li style=\"font-weight: 400;\" aria-level=\"1\"><span style=\"font-weight: 400;\">Lib\u00e9ration de l'acc\u00e8s aux zones portuaires : donn\u00e9es partag\u00e9es avec la police f\u00e9d\u00e9rale, la CDRJ et la soci\u00e9t\u00e9 qui g\u00e8re le syst\u00e8me d'acc\u00e8s \u00e9lectronique ;<\/span><\/li><li style=\"font-weight: 400;\" aria-level=\"1\"><span style=\"font-weight: 400;\">Maintenance des propres ressources informatiques : donn\u00e9es partag\u00e9es avec des contractants sp\u00e9cialis\u00e9s en technologie et des op\u00e9rateurs t\u00e9l\u00e9phoniques.<\/span><\/li><li style=\"font-weight: 400;\" aria-level=\"1\"><span style=\"font-weight: 400;\">Sant\u00e9 au travail et gestion sociale en ligne : donn\u00e9es partag\u00e9es avec une entreprise de technologie num\u00e9rique sp\u00e9cialis\u00e9e dans la s\u00e9curit\u00e9 au travail, la sant\u00e9 et la gestion sociale en ligne.\u00a0<\/span><\/li><li style=\"font-weight: 400;\" aria-level=\"1\"><span style=\"font-weight: 400;\">Audits des normes de gestion de la qualit\u00e9 et de l'environnement : donn\u00e9es partag\u00e9es avec les organismes environnementaux (INEA, IBAMA), l'administration publique et les organismes d'inspection (ANTAQ, ANVISA, CDRJ), les consultants sp\u00e9cialis\u00e9s et les organismes de certification.<\/span><\/li><\/ul><p>\u00a0<\/p><p><b>STOCKAGE ET PROTECTION DES DONN\u00c9ES PERSONNELLES<\/b><\/p><p><span style=\"font-weight: 400;\">Les informations saisies par les utilisateurs sur le site Web de P\u00eder Mau\u00e1 sont stock\u00e9es sur des serveurs (donn\u00e9es \u00e9lectroniques), en utilisant les meilleures pratiques de cybers\u00e9curit\u00e9. Tout comme les autres donn\u00e9es collect\u00e9es \u00e9lectroniquement dans le cadre des autres processus internes de l'entreprise. Si les donn\u00e9es sont collect\u00e9es physiquement, elles sont conserv\u00e9es dans des armoires dont l'acc\u00e8s est limit\u00e9 au secteur et \u00e0 la fonction responsables.<\/span><\/p><p><span style=\"font-weight: 400;\">En cas de partage externe, les entreprises contractantes (op\u00e9rateurs) doivent respecter la pr\u00e9sente politique de confidentialit\u00e9, en plus de maintenir les mesures de s\u00e9curit\u00e9 administratives et technologiques appropri\u00e9es visant \u00e0 assurer la s\u00e9curit\u00e9 de l'information et la confidentialit\u00e9 des donn\u00e9es personnelles des personnes concern\u00e9es.<\/span><\/p><p><span style=\"font-weight: 400;\">Certaines donn\u00e9es peuvent \u00eatre conserv\u00e9es plus longtemps que la loi ne l'exige pour des raisons internes \u00e0 Pier Mau\u00e1. Elles peuvent \u00e9galement \u00eatre supprim\u00e9es \u00e0 la demande de la personne concern\u00e9e.<\/span><\/p><p>\u00a0<\/p><p><b>SUPPRESSION DES INFORMATIONS<\/b><\/p><p><span style=\"font-weight: 400;\">Les donn\u00e9es personnelles seront supprim\u00e9es dans les situations suivantes :<\/span><\/p><ul><li style=\"font-weight: 400;\" aria-level=\"1\"><span style=\"font-weight: 400;\">la cessation de la finalit\u00e9 du traitement des donn\u00e9es ;<\/span><\/li><li style=\"font-weight: 400;\" aria-level=\"1\"><span style=\"font-weight: 400;\">l'expiration du d\u00e9lai de prescription de l'acte ou de la cr\u00e9ance, lorsque la BASE JURIDIQUE est l'EX\u00c9CUTION D'UNE OBLIGATION JURIDIQUE.<\/span><\/li><li style=\"font-weight: 400;\" aria-level=\"1\"><span style=\"font-weight: 400;\">\u00e0 la demande de la personne concern\u00e9e, lorsque la BASE JURIDIQUE est le consentement ou l'INT\u00c9R\u00caT JUSTIFI\u00c9.<\/span><\/li><li style=\"font-weight: 400;\" aria-level=\"1\"><span style=\"font-weight: 400;\">\u00e0 la demande de l'ANPD, conform\u00e9ment \u00e0 la LGPD.\u00a0\u00a0<\/span><\/li><\/ul><p>\u00a0<\/p><p><b>LA MISE \u00c0 JOUR DE LA POLITIQUE<\/b><\/p><p><span style=\"font-weight: 400;\">Cette version de la Politique de Confidentialit\u00e9 a \u00e9t\u00e9 mise \u00e0 jour et publi\u00e9e le 17\/08\/2022, et pourra \u00eatre modifi\u00e9e chaque fois que PIER MAU\u00c1 le jugera n\u00e9cessaire.\u00a0<\/span><\/p><p><span style=\"font-weight: 400;\">Chaque fois que des modifications seront apport\u00e9es, elles seront publi\u00e9es pour informer les propri\u00e9taires.\u00a0<\/span><\/p><p>\u00a0<\/p><p><b>COMMENT NOUS CONTACTER<\/b><\/p><p><span style=\"font-weight: 400;\">Si la personne concern\u00e9e souhaite demander l'acc\u00e8s, la rectification, la mise \u00e0 jour ou la suppression (le cas \u00e9ch\u00e9ant) des donn\u00e9es collect\u00e9es, elle peut s'adresser au responsable du traitement des donn\u00e9es de PIER MAU\u00c1, en pr\u00e9cisant les conditions dans lesquelles les donn\u00e9es ont \u00e9t\u00e9 collect\u00e9es et leur identification.\u00a0<\/span><\/p><p><span style=\"font-weight: 400;\">Contr\u00f4leur de donn\u00e9es : <\/span><a href=\"mailto:privacidade@piermaua.rio\"><span style=\"font-weight: 400;\">privacidade@piermaua.rio<\/span><\/a><\/p>\t\t\t\t\t\t\t\t<\/div>\n\t\t\t\t<\/div>\n\t\t\t\t\t<\/div>\n\t\t<\/div>\n\t\t\t\t\t<\/div>\n\t\t<\/section>\n\t\t\t\t<\/div>","protected":false},"excerpt":{"rendered":"<p>POL\u00cdTICA DE PRIVACIDADE\u00a0 A Pol\u00edtica de Privacidade do PIER MAU\u00c1 tem por objetivo demonstrar o comprometimento da organiza\u00e7\u00e3o com a privacidade e seguran\u00e7a de dados pessoais. Ela informa como os [&hellip;]<\/p>\n","protected":false},"author":1,"featured_media":171,"parent":0,"menu_order":0,"comment_status":"closed","ping_status":"closed","template":"","meta":{"_acf_changed":false,"footnotes":""},"class_list":["post-26175","page","type-page","status-publish","has-post-thumbnail","hentry"],"acf":[],"_links":{"self":[{"href":"https:\/\/piermaua.rio\/fr\/wp-json\/wp\/v2\/pages\/26175","targetHints":{"allow":["GET"]}}],"collection":[{"href":"https:\/\/piermaua.rio\/fr\/wp-json\/wp\/v2\/pages"}],"about":[{"href":"https:\/\/piermaua.rio\/fr\/wp-json\/wp\/v2\/types\/page"}],"author":[{"embeddable":true,"href":"https:\/\/piermaua.rio\/fr\/wp-json\/wp\/v2\/users\/1"}],"replies":[{"embeddable":true,"href":"https:\/\/piermaua.rio\/fr\/wp-json\/wp\/v2\/comments?post=26175"}],"version-history":[{"count":0,"href":"https:\/\/piermaua.rio\/fr\/wp-json\/wp\/v2\/pages\/26175\/revisions"}],"wp:featuredmedia":[{"embeddable":true,"href":"https:\/\/piermaua.rio\/fr\/wp-json\/wp\/v2\/media\/171"}],"wp:attachment":[{"href":"https:\/\/piermaua.rio\/fr\/wp-json\/wp\/v2\/media?parent=26175"}],"curies":[{"name":"wp","href":"https:\/\/api.w.org\/{rel}","templated":true}]}}