{"id":421,"date":"2024-03-08T10:04:09","date_gmt":"2024-03-08T13:04:09","guid":{"rendered":"https:\/\/piermaua.rio\/?page_id=421"},"modified":"2024-03-08T10:05:09","modified_gmt":"2024-03-08T13:05:09","slug":"politica-da-qualidade","status":"publish","type":"page","link":"https:\/\/piermaua.rio\/fr\/politica-da-qualidade\/","title":{"rendered":"politique de qualit\u00e9"},"content":{"rendered":"<div data-elementor-type=\"wp-page\" data-elementor-id=\"421\" class=\"elementor elementor-421\" data-elementor-post-type=\"page\">\n\t\t\t\t\t\t<section class=\"elementor-section elementor-top-section elementor-element elementor-element-699981b elementor-section-boxed elementor-section-height-default elementor-section-height-default\" data-id=\"699981b\" data-element_type=\"section\" data-e-type=\"section\">\n\t\t\t\t\t\t<div class=\"elementor-container elementor-column-gap-default\">\n\t\t\t\t\t<div class=\"elementor-column elementor-col-100 elementor-top-column elementor-element elementor-element-5a589f0\" data-id=\"5a589f0\" data-element_type=\"column\" data-e-type=\"column\">\n\t\t\t<div class=\"elementor-widget-wrap elementor-element-populated\">\n\t\t\t\t\t\t<div class=\"elementor-element elementor-element-89e964b elementor-widget elementor-widget-text-editor\" data-id=\"89e964b\" data-element_type=\"widget\" data-e-type=\"widget\" data-widget_type=\"text-editor.default\">\n\t\t\t\t<div class=\"elementor-widget-container\">\n\t\t\t\t\t\t\t\t\t<p>Assurer les services d&#039;exploitation portuaire, d&#039;embarquement et de d\u00e9barquement, de transit de passagers, de location commerciale et de location d&#039;espaces de tourisme et de loisirs ; visant \u00e0 r\u00e9pondre aux besoins et aux attentes de nos clients et des parties prenantes concern\u00e9es, conform\u00e9ment aux lignes directrices suivantes\u00a0:<\/p><ul><li>Assurer l&#039;am\u00e9lioration continue du syst\u00e8me de gestion de la qualit\u00e9 et de ses objectifs\u00a0;<\/li><li>Assurer le respect des exigences l\u00e9gales, techniques et r\u00e9glementaires applicables\u00a0;<\/li><li>Assurer la sensibilisation, l\u2019engagement et la formation de nos employ\u00e9s pour atteindre une performance efficace des processus.<\/li><\/ul><p>\u00a0<\/p><p><strong>Bilan : 03<\/strong><br \/><strong>02\/05\/2023<\/strong><\/p>\t\t\t\t\t\t\t\t<\/div>\n\t\t\t\t<\/div>\n\t\t\t\t\t<\/div>\n\t\t<\/div>\n\t\t\t\t\t<\/div>\n\t\t<\/section>\n\t\t\t\t<\/div>","protected":false},"excerpt":{"rendered":"<p>Garantir os servi\u00e7os de opera\u00e7\u00f5es portu\u00e1rias, embarque e desembarque, tr\u00e2nsito de passageiros, loca\u00e7\u00e3o comercial e loca\u00e7\u00e3o de espa\u00e7os para entretenimento de turismo e lazer; visando atender as necessidades e expectativas [&hellip;]<\/p>\n","protected":false},"author":1,"featured_media":171,"parent":0,"menu_order":0,"comment_status":"closed","ping_status":"closed","template":"","meta":{"_acf_changed":false,"footnotes":""},"class_list":["post-421","page","type-page","status-publish","has-post-thumbnail","hentry"],"acf":[],"_links":{"self":[{"href":"https:\/\/piermaua.rio\/fr\/wp-json\/wp\/v2\/pages\/421","targetHints":{"allow":["GET"]}}],"collection":[{"href":"https:\/\/piermaua.rio\/fr\/wp-json\/wp\/v2\/pages"}],"about":[{"href":"https:\/\/piermaua.rio\/fr\/wp-json\/wp\/v2\/types\/page"}],"author":[{"embeddable":true,"href":"https:\/\/piermaua.rio\/fr\/wp-json\/wp\/v2\/users\/1"}],"replies":[{"embeddable":true,"href":"https:\/\/piermaua.rio\/fr\/wp-json\/wp\/v2\/comments?post=421"}],"version-history":[{"count":0,"href":"https:\/\/piermaua.rio\/fr\/wp-json\/wp\/v2\/pages\/421\/revisions"}],"wp:featuredmedia":[{"embeddable":true,"href":"https:\/\/piermaua.rio\/fr\/wp-json\/wp\/v2\/media\/171"}],"wp:attachment":[{"href":"https:\/\/piermaua.rio\/fr\/wp-json\/wp\/v2\/media?parent=421"}],"curies":[{"name":"wp","href":"https:\/\/api.w.org\/{rel}","templated":true}]}}