{"id":541,"date":"2024-03-19T09:26:31","date_gmt":"2024-03-19T12:26:31","guid":{"rendered":"https:\/\/piermaua.rio\/?page_id=541"},"modified":"2025-10-06T20:55:52","modified_gmt":"2025-10-06T23:55:52","slug":"documentacao","status":"publish","type":"page","link":"https:\/\/piermaua.rio\/fr\/documentacao\/","title":{"rendered":"Documentation"},"content":{"rendered":"<div data-elementor-type=\"wp-page\" data-elementor-id=\"541\" class=\"elementor elementor-541\" data-elementor-post-type=\"page\">\n\t\t\t\t\t\t<section class=\"elementor-section elementor-top-section elementor-element elementor-element-d8b65f1 elementor-section-content-middle elementor-section-boxed elementor-section-height-default elementor-section-height-default\" data-id=\"d8b65f1\" data-element_type=\"section\" data-e-type=\"section\" data-settings=\"{&quot;background_background&quot;:&quot;classic&quot;}\">\n\t\t\t\t\t\t\t<div class=\"elementor-background-overlay\"><\/div>\n\t\t\t\t\t\t\t<div class=\"elementor-container elementor-column-gap-wider\">\n\t\t\t\t\t<div class=\"elementor-column elementor-col-100 elementor-top-column elementor-element elementor-element-51e3212\" data-id=\"51e3212\" data-element_type=\"column\" data-e-type=\"column\">\n\t\t\t<div class=\"elementor-widget-wrap elementor-element-populated\">\n\t\t\t\t\t\t<div class=\"elementor-element elementor-element-78f0578 elementor-widget elementor-widget-heading\" data-id=\"78f0578\" data-element_type=\"widget\" data-e-type=\"widget\" data-widget_type=\"heading.default\">\n\t\t\t\t<div class=\"elementor-widget-container\">\n\t\t\t\t\t<span class=\"elementor-heading-title elementor-size-default\">Documentation pour les voyages nationaux et internationaux<\/span>\t\t\t\t<\/div>\n\t\t\t\t<\/div>\n\t\t\t\t<div class=\"elementor-element elementor-element-8f96296 elementor-widget elementor-widget-heading\" data-id=\"8f96296\" data-element_type=\"widget\" data-e-type=\"widget\" data-widget_type=\"heading.default\">\n\t\t\t\t<div class=\"elementor-widget-container\">\n\t\t\t\t\t<h2 class=\"elementor-heading-title elementor-size-default\">TERMINAL DE CROISI\u00c8RE PIER MAU\u00c1<\/h2>\t\t\t\t<\/div>\n\t\t\t\t<\/div>\n\t\t\t\t<div class=\"elementor-element elementor-element-376a143 elementor-widget elementor-widget-text-editor\" data-id=\"376a143\" data-element_type=\"widget\" data-e-type=\"widget\" data-widget_type=\"text-editor.default\">\n\t\t\t\t<div class=\"elementor-widget-container\">\n\t\t\t\t\t\t\t\t\t<p>Pour garantir un voyage fluide et conforme \u00e0 toutes les exigences et crit\u00e8res de la loi f\u00e9d\u00e9rale, Pier Mau\u00e1 fournit des informations importantes et des liens sur la documentation requise pour les croisi\u00e8res \u00e0 bord. Ils peuvent \u00eatre largement consult\u00e9s sur les sites Internet de la Police f\u00e9d\u00e9rale, d&#039;Itamaraty, du Planalto et de la Justice f\u00e9d\u00e9rale.<\/p><p>Il est important que tous les passagers pr\u00e9sentent un document original, en bon \u00e9tat et avec une photo correspondant \u00e0 l&#039;apparence actuelle de la personne. Nous recommandons que le document date de moins de 10 ans. Il est interdit par la loi aux passagers d&#039;embarquer avec des copies de documents (xerox), m\u00eame authentifi\u00e9es.<\/p><p>Autorisation d&#039;h\u00e9bergement \u2013 Pour les mineurs qui voyageront non accompagn\u00e9s de leurs tuteurs, en plus de l&#039;autorisation de voyage, il est n\u00e9cessaire de pr\u00e9senter une autorisation d&#039;h\u00e9bergement, conform\u00e9ment \u00e0 l&#039;article 250 de la loi n\u00b0 8 069 du 13 juillet 1990. L&#039;autorisation est indispensable pour les voyages nationaux et internationaux.<\/p><p>\u2013 Acc\u00e9der au site Internet de la Justice pour consulter la documentation destin\u00e9e aux mineurs<br \/><a href=\"http:\/\/www.tjsp.jus.br\/Download\/CoordenadoriaInfanciaJuventude\/pdf\/AutorizacaoViagemMenor\/AutorizacaoViagemMenorEsclarecimentos.pdf\">http:\/\/www.tjsp.jus.br\/Download\/CoordenadoriaInfanciaJuventude\/pdf\/AutorizacaoViagemMenor\/AutorizacaoViagemMenorEsclarecimentos.pdf<\/a><\/p><p><strong>RECOMENDAMOS QUE CONFIRME JUNTO \u00c0 COMPANHIA MAR\u00cdTIMA A DOCUMENTA\u00c7\u00c3O NECESS\u00c1RIA PARA O SEU CRUZEIRO, PORQUE A MESMA PODE MUDAR DE ACORDO COM O ITINER\u00c1RIO.<\/strong><\/p>\t\t\t\t\t\t\t\t<\/div>\n\t\t\t\t<\/div>\n\t\t\t\t\t<\/div>\n\t\t<\/div>\n\t\t\t\t\t<\/div>\n\t\t<\/section>\n\t\t\t\t<\/div>","protected":false},"excerpt":{"rendered":"<p>Documenta\u00e7\u00e3o para viagens nacionais e internacionais TERMINAL DE CRUZEIROS DO PIER MAU\u00c1 Para garantir uma viagem tranquila e em conformidade com todas as exig\u00eancias e crit\u00e9rios de leis federais, o [&hellip;]<\/p>\n","protected":false},"author":1,"featured_media":171,"parent":0,"menu_order":0,"comment_status":"closed","ping_status":"closed","template":"","meta":{"_acf_changed":false,"footnotes":""},"class_list":["post-541","page","type-page","status-publish","has-post-thumbnail","hentry"],"acf":[],"_links":{"self":[{"href":"https:\/\/piermaua.rio\/fr\/wp-json\/wp\/v2\/pages\/541","targetHints":{"allow":["GET"]}}],"collection":[{"href":"https:\/\/piermaua.rio\/fr\/wp-json\/wp\/v2\/pages"}],"about":[{"href":"https:\/\/piermaua.rio\/fr\/wp-json\/wp\/v2\/types\/page"}],"author":[{"embeddable":true,"href":"https:\/\/piermaua.rio\/fr\/wp-json\/wp\/v2\/users\/1"}],"replies":[{"embeddable":true,"href":"https:\/\/piermaua.rio\/fr\/wp-json\/wp\/v2\/comments?post=541"}],"version-history":[{"count":6,"href":"https:\/\/piermaua.rio\/fr\/wp-json\/wp\/v2\/pages\/541\/revisions"}],"predecessor-version":[{"id":29324,"href":"https:\/\/piermaua.rio\/fr\/wp-json\/wp\/v2\/pages\/541\/revisions\/29324"}],"wp:featuredmedia":[{"embeddable":true,"href":"https:\/\/piermaua.rio\/fr\/wp-json\/wp\/v2\/media\/171"}],"wp:attachment":[{"href":"https:\/\/piermaua.rio\/fr\/wp-json\/wp\/v2\/media?parent=541"}],"curies":[{"name":"wp","href":"https:\/\/api.w.org\/{rel}","templated":true}]}}